{"id":2696,"date":"2025-06-23T11:35:10","date_gmt":"2025-06-23T09:35:10","guid":{"rendered":"https:\/\/www.humanisierte.at\/geschichte\/"},"modified":"2025-07-21T15:16:18","modified_gmt":"2025-07-21T13:16:18","slug":"geschichte","status":"publish","type":"page","link":"https:\/\/www.humanisierte.at\/de-ls\/verein\/geschichte\/","title":{"rendered":"Geschichte"},"content":{"rendered":"\n<div class=\"wp-block-columns is-layout-flex wp-container-core-columns-is-layout-9d6595d7 wp-block-columns-is-layout-flex\">\n<div class=\"wp-block-column is-layout-flow wp-block-column-is-layout-flow\">\n<p><strong>1985<\/strong> \u2013 Im Westen st\u00fcrmen Opus mit Live Is Life die Hitparaden, im Osten stimmt Michail Gorbatschow die Gesellschaft mit seinen Visionen von Perestroika und Glasnost auf Ver\u00e4nderungen ein. Nicht weniger nachhaltig, wird am 16. Juli im soziologischen Institut der Universit\u00e4t Wien der Verein HUMANISIERTE ARBEITSST\u00c4TTE gegr\u00fcndet. Ziel ist die Schaffung einer anderen, nicht defizitfixierten sondern ressourcenorientierten Tagesstruktur f\u00fcr Menschen mit Behinderung, in der Pers\u00f6nlichkeitsentwicklung (Selbstbestimmung \/Selbstverantwortung \/ Selbstst\u00e4ndigkeit) einen breiten Raum einnimmt und \u00fcber angebotene Kreativprodukte und Dienstleistungen soziale Vernetzung passiert (Sozialraumpr\u00e4senz).<br>Die Suche nach geeigneten R\u00e4umlichkeiten ist nicht einfach aber letztendlich erfolgreich und 1987 erfolgten, unterst\u00fctzt von Sachspenden verschiedenster Firmen, die aufwendigen, von Vereinsmitgliedern ausschlie\u00dflich ehrenamtlich geleisteten, Adaptierungsarbeiten in der Pfeilgasse 37.<\/p>\n\n\n\n<p><strong>1988<\/strong> \u2013 Einen Monat nach der Unterzeichnung des Vertrags zum Abbau nuklearer Mittelstreckenwaffen durch die UdSSR und die USA er\u00f6ffnet Vizeb\u00fcrgermeisterin Ingrid Smejkal am 7. J\u00e4nner in der Pfeilgasse 37 die heutige KREATIVWERKSTATT IM 8EN. Begleitet vom Hit Voujage, Voujage der franz\u00f6sischen S\u00e4ngerin Desireless, beginnt die ganz und gar nicht anspruchslose Reise der neuen Sozialinitiative. In den folgenden Jahren werden Anfangsschwierigkeiten und so manche R\u00fcckschl\u00e4ge von Erfolgserlebnissen und begl\u00fcckenden Momenten mehr als nur aufgewogen.<\/p>\n\n\n\n<p><strong>1997<\/strong> \u2013 W\u00e4hrend Elton John mit Candle In The Wind um Lady Di trauert und der neue britische Premier Tony Blair den \u201edritten Weg\u201c aus der Globalisierungsfalle (H. P. Martin) verspricht, werden auch in der Pfeilgasse neue Wege beschritten: Am 1. Oktober startet, in Kooperation mit dem Bundessozialamt und dem AMS, das Berufsintegrationsprojekt SYNAPSE: Es soll behinderten Menschen erm\u00f6glichen, in der \u201eersten\u201c Arbeitswelt Fu\u00df zu fassen.<\/p>\n\n\n\n<p><strong>1998<\/strong> \u2013 Die Welt tanzt kurz vor dem Millennium zu Madonnas Ray of Light, Papst Johannes Paul II. besucht Kuba. Aus ganz anderen Gr\u00fcnden wird in der Pfeilgasse gefeiert: Das zehnj\u00e4hrige Bestehen der KREATIVWERKSTATT IM 8EN ist am 18. September Anlass f\u00fcr ein Stra\u00dfenfest, das wegen seines Erfolgs zum fixen Programmbestanteil des Vereins und der Josefst\u00e4dter Bezirksfestwochen wird.<\/p>\n\n\n\n<p><strong>2001<\/strong> \u2013 Can\u00b4t Get You Out of My Head singt Kylie Minogue \u2013 und so geht es weltweit vielen mit den Fernsehbildern von den Anschl\u00e4gen am 11. September. Erfreulicheres passiert ein paar Tage zuvor in der Albertgasse 33: Die 2. Berufsintegrationsinitiative des Vereins startet mit dem Projekt UNIK.AT. In Kooperation mit K\u00fcnstlern wird ein neuer, kreativit\u00e4tsbasierter Weg zur Pers\u00f6nlichkeitsentwicklung und beruflichen Integration behinderter Menschen geschaffen. Mit Ende des Jahres \u00fcbersiedelt auch SYNAPSE in die neuen R\u00e4umlichkeiten, w\u00e4hrend die KREATIVWERKSTATT IM 8EN in der Pfeilgasse verbleibt.<\/p>\n\n\n\n<p><strong>2002<\/strong> \u2013 Zur selben Zeit, da Herbert Gr\u00f6nemeyer mit Mensch einen seiner gr\u00f6\u00dften Hits landet, wird in Guantanamo das US-Gefangenenlager errichtet. Der Intention des Songs um einiges n\u00e4her steht die erste von seither zahlreichen Vernissagen, die am 19. Mai in der mittlerweile so bezeichneten GARTENVILLA ALBERTGASSE 33 stattfindet. Bilder und Objekte zeitgen\u00f6ssischer K\u00fcnstlerinnen und K\u00fcnstler werden ebenso ausgestellt, wie die in Workshops mit K\u00fcnstlern geschaffenen Kunsthandwerkst\u00fccke der Projektteilnehmer.<\/p>\n\n\n\n<p><strong>2005<\/strong> \u2013 Angela Merkel wird deutsche Bundeskanzlerin, Bob Geldorf versucht, mit dem weltweiten Live-8-Konzerten auf Armut aufmerksam zu machen. Mit weniger medialen Wirbel erlebt die Josefst\u00e4dterstra\u00dfe ein lokales Live-8: von Frau Margit Fischer wird am 30. Mai die GALERIE UNIK.AT er\u00f6ffnet. Damit finden Kunst- und Kunsthandwerke der Projekte, als auch etablierter Kunstschaffender, ganzj\u00e4hrig einen Pr\u00e4sentations \u2013 u. Verkaufsort. Mit dem Ertrag aus den Verk\u00e4ufen finanziert der Verein interne Arbeitspl\u00e4tze und ab 2009 auch Lehrstellen f\u00fcr behinderte Menschen.<\/p>\n\n\n\n<p><strong>2008<\/strong> \u2013 Auf der ganzen Welt verfolgen Menschen, die, wie Ich und Ich singen, vom selben Stern stammen, den Kollaps der Lehman Brothers. Die Humanisierte Arbeitsst\u00e4tte hingegen startet ein weiteres Berufsintegrations- und Nachbetreuungsprojekt: MENTORIX. Ein Jahr sp\u00e4ter und nur wenige Schritte von der GALERIE UNIK.AT entfernt, er\u00f6ffnet die auf modernen \u201eZaubertrank\u201c (frischgepresste Biofruchts\u00e4fte und Smoothies) spezialisierte Mentorix \u2013 Saftbar. Die neu gewonnen Arbeitstrainingsbereiche erm\u00f6glichen nun auch eine integrative Lehrlingsausbildung (Systemgastronomie, B\u00fcro- u. Einzelhandelskaufmann \/ kauffrau) f\u00fcr jugendliche Behinderte.<\/p>\n\n\n\n<p><strong>2011 <\/strong>\u2013 Die britische S\u00e4ngerin Adele st\u00fcrmt mit Someone Like You weltweit die Charts, w\u00e4hrend die Revolution in Tunesien den \u201eArabischen Fr\u00fchling\u201c einl\u00e4utet. Ver\u00e4nderung gibt es auch in der SAFTBAR: Eine gro\u00dfz\u00fcgige Produktionszone wird eingerichtet, sodass nunmehr neben S\u00e4ften auch Kuchen hergestellt und ein Catering- und Lieferservice angeboten werden k\u00f6nnen.<\/p>\n\n\n\n<p><strong>2013<\/strong> \u2013 Neben der bestehenden Anerkennung als Praktikumsstelle aller Ausbildungseinrichtungen f\u00fcr Sozialbetreuungsberufe als auch Stundent*innen des psychologischen Instituts der Uni Wien, erfolgte in diesem Jahr die ministerielle Akkeditierung als Praktikumsstelle f\u00fcr alle psychotherapeutischen Ausbildungskanditat*innen (Prop\u00e4deutika und Fachspezifika).<\/p>\n\n\n\n<p><strong>2015<\/strong> \u2013 Erh\u00f6hung des Kontigents der Tagesstruktur duch den FSW &#8211; von 32 auf 45 Pl\u00e4tze.<\/p>\n\n\n\n<p><strong>2016<\/strong> \u2013 Erweiterung der Arbeitstrainingsbereiche Saftbar Mentorix und Galerie unik.at durch vom Hauseigent\u00fcmer Dr. Bernd Brittinger getragene und finanzierte Zusammenlegungs- und Sanierungsarbeiten sowie die Fusion des Projektes &#8220;Synapse&#8221; mit &#8220;Mentorix&#8221;.<\/p>\n\n\n\n<p><strong>2017 <\/strong>\u2013 Im Februar \u00fcbersiedelte BIP in barrierefreie R\u00e4umlichkeiten 1080 Wien, Lange Gasse 30.<\/p>\n\n\n\n<p><strong>2018<\/strong> \u2013 Aufstockung des Lehrlingskontingents auf mind. 10 integrative Lehrlinge pro Jahr<\/p>\n\n\n\n<p><strong>2019<\/strong> \u2013 Erh\u00f6hung des Kontigents der Tagesstruktur duch den FSW &#8211; von 45 auf 49 Pl\u00e4tze.<\/p>\n\n\n\n<p><strong>2020 <\/strong>\u2013 Der Verrein gr\u00fcndet die Humanisiere Arbeitsst\u00e4tte gemeinn\u00fctzige GmbH.<\/p>\n\n\n\n<p><strong>2022<\/strong> \u2013 Festveranstaltung anl\u00e4sslich des 1.000en erfolgreichen Projektabschlusses unseres Berufsintegrationsprojektes BIP. Erh\u00f6hung des Tagesstrukturkontigentes auf 53 Pl\u00e4tze.<\/p>\n\n\n\n<p><strong>2024<\/strong> \u2013 Wechsel des Steuerberaters von Mag. Hofmann zu Mag. Grasl und Neustrukturierung des gesamten Rechnungswesens.<\/p>\n<\/div>\n<\/div>\n","protected":false},"excerpt":{"rendered":"<p>1985 \u2013 Im Westen st\u00fcrmen Opus mit Live Is Life die Hitparaden, im Osten stimmt Michail Gorbatschow die Gesellschaft mit seinen Visionen von Perestroika und Glasnost auf Ver\u00e4nderungen ein. Nicht weniger nachhaltig, wird am 16. Juli im soziologischen Institut der Universit\u00e4t Wien der Verein HUMANISIERTE ARBEITSST\u00c4TTE gegr\u00fcndet. Ziel ist die Schaffung einer anderen, nicht defizitfixierten&hellip;&nbsp;<\/p>\n","protected":false},"author":1,"featured_media":0,"parent":3067,"menu_order":2,"comment_status":"closed","ping_status":"closed","template":"","meta":{"_acf_changed":false,"neve_meta_sidebar":"","neve_meta_container":"","neve_meta_enable_content_width":"","neve_meta_content_width":0,"neve_meta_title_alignment":"","neve_meta_author_avatar":"","neve_post_elements_order":"","neve_meta_disable_header":"","neve_meta_disable_footer":"","neve_meta_disable_title":"","neve_meta_reading_time":"","slim_seo":{"title":"Geschichte - humanisierte arbeitsst\u00e4tte","description":"1985 \u2013 Im Westen st\u00fcrmen Opus mit Live Is Life die Hitparaden, im Osten stimmt Michail Gorbatschow die Gesellschaft mit seinen Visionen von Perestroika und Glas"},"footnotes":""},"class_list":["post-2696","page","type-page","status-publish","hentry"],"acf":[],"publishpress_future_action":{"enabled":false,"date":"2026-05-24 01:34:58","action":"change-status","newStatus":"draft","terms":[],"taxonomy":"translation_priority","extraData":[]},"publishpress_future_workflow_manual_trigger":{"enabledWorkflows":[]},"_links":{"self":[{"href":"https:\/\/www.humanisierte.at\/de-ls\/wp-json\/wp\/v2\/pages\/2696","targetHints":{"allow":["GET"]}}],"collection":[{"href":"https:\/\/www.humanisierte.at\/de-ls\/wp-json\/wp\/v2\/pages"}],"about":[{"href":"https:\/\/www.humanisierte.at\/de-ls\/wp-json\/wp\/v2\/types\/page"}],"author":[{"embeddable":true,"href":"https:\/\/www.humanisierte.at\/de-ls\/wp-json\/wp\/v2\/users\/1"}],"replies":[{"embeddable":true,"href":"https:\/\/www.humanisierte.at\/de-ls\/wp-json\/wp\/v2\/comments?post=2696"}],"version-history":[{"count":1,"href":"https:\/\/www.humanisierte.at\/de-ls\/wp-json\/wp\/v2\/pages\/2696\/revisions"}],"predecessor-version":[{"id":2697,"href":"https:\/\/www.humanisierte.at\/de-ls\/wp-json\/wp\/v2\/pages\/2696\/revisions\/2697"}],"up":[{"embeddable":true,"href":"https:\/\/www.humanisierte.at\/de-ls\/wp-json\/wp\/v2\/pages\/3067"}],"wp:attachment":[{"href":"https:\/\/www.humanisierte.at\/de-ls\/wp-json\/wp\/v2\/media?parent=2696"}],"curies":[{"name":"wp","href":"https:\/\/api.w.org\/{rel}","templated":true}]}}