{"id":2662,"date":"2025-06-23T11:31:56","date_gmt":"2025-06-23T09:31:56","guid":{"rendered":"https:\/\/www.humanisierte.at\/tagesstruktur\/shop-dpd-paketshop\/"},"modified":"2025-07-23T16:31:16","modified_gmt":"2025-07-23T14:31:16","slug":"shop-dpd-paketshop","status":"publish","type":"page","link":"https:\/\/www.humanisierte.at\/de-ls\/tagesstruktur\/shop-dpd-paketshop\/","title":{"rendered":"Shop \/ DPD Paketshop"},"content":{"rendered":"\n<div class=\"wp-block-columns is-layout-flex wp-container-core-columns-is-layout-9d6595d7 wp-block-columns-is-layout-flex\">\n<div class=\"wp-block-column is-layout-flow wp-block-column-is-layout-flow\" style=\"flex-basis:66.66%\">\n<h2 class=\"wp-block-heading\">Informationen<\/h2>\n\n\n\n<p>In unserem Gesch\u00e4ft verkaufen wir Produkte, die in verschiedenen Gruppen unserer Tagesstruktur hergestellt werden. Au\u00dferdem sind wir ein DPD Paketshop. Bei uns k\u00f6nnen Pakete abgeholt werden.  <\/p>\n\n\n\n<h2 class=\"wp-block-heading\">\u00d6ffnungszeiten<\/h2>\n\n\n\n<p>Montag 8:00 &#8211; 18:00<br\/>Dienstag 8:00 &#8211; 18:00<br\/>Mittwoch 8:00 &#8211; 18:00<br\/>Donnerstag 8:00 &#8211; 18:00<br\/>Freitag 8:00 &#8211; 13:30<\/p>\n\n\n\n<h2 class=\"wp-block-heading\">Kontakt<\/h2>\n\n\n\n<p>Kreativwerstatt im 8en<br\/>Pfeilgasse 37<br\/>1080 Wien<br\/><a href=\"tel:+43-1-4084626-16\" title=\"\">+43-1-4084626-16<\/a><\/p>\n<\/div>\n\n\n\n<div class=\"wp-block-column is-layout-flow wp-block-column-is-layout-flow\" style=\"flex-basis:33.33%\">\n<figure class=\"wp-block-image size-full\"><img loading=\"lazy\" decoding=\"async\" width=\"800\" height=\"533\" src=\"https:\/\/www.humanisierte.at\/wp-content\/uploads\/2025\/07\/Shop.jpg\" alt=\"Shop\" class=\"wp-image-1756\" srcset=\"https:\/\/www.humanisierte.at\/wp-content\/uploads\/2025\/07\/Shop.jpg 800w, https:\/\/www.humanisierte.at\/wp-content\/uploads\/2025\/07\/Shop-300x200.jpg 300w, https:\/\/www.humanisierte.at\/wp-content\/uploads\/2025\/07\/Shop-768x512.jpg 768w\" sizes=\"auto, (max-width: 800px) 100vw, 800px\" \/><\/figure>\n<\/div>\n<\/div>\n","protected":false},"excerpt":{"rendered":"<p>Informationen In unserem Gesch\u00e4ft verkaufen wir Produkte, die in verschiedenen Gruppen unserer Tagesstruktur hergestellt werden. Au\u00dferdem sind wir ein DPD Paketshop. Bei uns k\u00f6nnen Pakete abgeholt werden. \u00d6ffnungszeiten Montag 8:00 &#8211; 18:00Dienstag 8:00 &#8211; 18:00Mittwoch 8:00 &#8211; 18:00Donnerstag 8:00 &#8211; 18:00Freitag 8:00 &#8211; 13:30 Kontakt Kreativwerstatt im 8enPfeilgasse 371080 Wien+43-1-4084626-16<\/p>\n","protected":false},"author":1,"featured_media":0,"parent":1564,"menu_order":5,"comment_status":"closed","ping_status":"closed","template":"","meta":{"_acf_changed":false,"neve_meta_sidebar":"","neve_meta_container":"","neve_meta_enable_content_width":"","neve_meta_content_width":0,"neve_meta_title_alignment":"","neve_meta_author_avatar":"","neve_post_elements_order":"","neve_meta_disable_header":"","neve_meta_disable_footer":"","neve_meta_disable_title":"","neve_meta_reading_time":"","slim_seo":{"title":"Shop \/ DPD Paketshop - humanisierte arbeitsst\u00e4tte","description":"Informationen In unserem Gesch\u00e4ft verkaufen wir Produkte, die in verschiedenen Gruppen unserer Tagesstruktur hergestellt werden. Au\u00dferdem sind wir ein DPD Paket"},"footnotes":""},"class_list":["post-2662","page","type-page","status-publish","hentry"],"acf":[],"publishpress_future_action":{"enabled":false,"date":"2026-05-24 01:44:05","action":"change-status","newStatus":"draft","terms":[],"taxonomy":"translation_priority","extraData":[]},"publishpress_future_workflow_manual_trigger":{"enabledWorkflows":[]},"_links":{"self":[{"href":"https:\/\/www.humanisierte.at\/de-ls\/wp-json\/wp\/v2\/pages\/2662","targetHints":{"allow":["GET"]}}],"collection":[{"href":"https:\/\/www.humanisierte.at\/de-ls\/wp-json\/wp\/v2\/pages"}],"about":[{"href":"https:\/\/www.humanisierte.at\/de-ls\/wp-json\/wp\/v2\/types\/page"}],"author":[{"embeddable":true,"href":"https:\/\/www.humanisierte.at\/de-ls\/wp-json\/wp\/v2\/users\/1"}],"replies":[{"embeddable":true,"href":"https:\/\/www.humanisierte.at\/de-ls\/wp-json\/wp\/v2\/comments?post=2662"}],"version-history":[{"count":2,"href":"https:\/\/www.humanisierte.at\/de-ls\/wp-json\/wp\/v2\/pages\/2662\/revisions"}],"predecessor-version":[{"id":3074,"href":"https:\/\/www.humanisierte.at\/de-ls\/wp-json\/wp\/v2\/pages\/2662\/revisions\/3074"}],"up":[{"embeddable":true,"href":"https:\/\/www.humanisierte.at\/de-ls\/wp-json\/wp\/v2\/pages\/1564"}],"wp:attachment":[{"href":"https:\/\/www.humanisierte.at\/de-ls\/wp-json\/wp\/v2\/media?parent=2662"}],"curies":[{"name":"wp","href":"https:\/\/api.w.org\/{rel}","templated":true}]}}