{"id":2561,"date":"2025-06-16T11:39:44","date_gmt":"2025-06-16T09:39:44","guid":{"rendered":"https:\/\/www.humanisierte.at\/lehre\/"},"modified":"2025-07-22T13:44:07","modified_gmt":"2025-07-22T11:44:07","slug":"lehre","status":"publish","type":"page","link":"https:\/\/www.humanisierte.at\/de-ls\/lehre\/","title":{"rendered":"Lehre"},"content":{"rendered":"\n<div class=\"wp-block-columns is-layout-flex wp-container-core-columns-is-layout-9d6595d7 wp-block-columns-is-layout-flex\">\n<div class=\"wp-block-column is-layout-flow wp-block-column-is-layout-flow\" style=\"flex-basis:33.33%\">\n<figure class=\"wp-block-image size-full\"><img loading=\"lazy\" decoding=\"async\" width=\"640\" height=\"452\" src=\"https:\/\/www.humanisierte.at\/wp-content\/uploads\/2025\/07\/Zertifikat-vom-Lehrabschluss.jpg\" alt=\"Zertifikat vom Lehrabschluss\" class=\"wp-image-2547\" srcset=\"https:\/\/www.humanisierte.at\/wp-content\/uploads\/2025\/07\/Zertifikat-vom-Lehrabschluss.jpg 640w, https:\/\/www.humanisierte.at\/wp-content\/uploads\/2025\/07\/Zertifikat-vom-Lehrabschluss-300x212.jpg 300w\" sizes=\"auto, (max-width: 640px) 100vw, 640px\" \/><\/figure>\n<\/div>\n\n\n\n<div class=\"wp-block-column is-layout-flow wp-block-column-is-layout-flow\" style=\"flex-basis:66.66%\">\n<h2 class=\"wp-block-heading\">Ist eine verl\u00e4ngerte Lehre etwas f\u00fcr dich?<\/h2>\n\n\n\n<p>Du willst eine Lehre machen? Aber du brauchst dabei Hilfe?<br\/>Dann bist du bei uns richtig. <\/p>\n\n\n\n<p>Du kannst bei uns zwei Berufe lernen:<\/p>\n\n\n\n<ul class=\"wp-block-list\">\n<li> B\u00fcro-Kauffrau oder B\u00fcro-Kaufmann <\/li>\n\n\n\n<li>Einzelhandelskauffrau*mann. Wir bieten Lehrstellen in unserer <a href=\"https:\/\/www.humanisierte.at\/verein\/galerie-unik-at\/\" title=\"Galerie &#x2013; unik.at\">Galerie unik.at<\/a> sowie in der Saftbar <a href=\"https:\/\/www.humanisierte.at\/verein\/saftbar-mentorix\/\" title=\"Saftbar &#x2013; Mentorix\">Mentorix <\/a>an. <\/li>\n<\/ul>\n<\/div>\n<\/div>\n\n<div class=\"wp-block-columns is-layout-flex wp-container-core-columns-is-layout-9d6595d7 wp-block-columns-is-layout-flex\">\n<div class=\"wp-block-column is-layout-flow wp-block-column-is-layout-flow\" style=\"flex-basis:33.33%\">\n<h2 class=\"wp-block-heading\">Wer bei uns eine Lehre machen kann:<\/h2>\n\n\n\n<ul class=\"wp-block-list\">\n<li>Du willst gerne arbeiten<strong>.<\/strong><\/li>\n\n\n\n<li>Du bist bereit, etwas zu lernen <\/li>\n\n\n\n<li>Du hast eine Behinderung mit einem Grad von 50% oder mehr<br\/>(k\u00f6rperlich, geistig oder chronische Krankheit)<\/li>\n\n\n\n<li>Du bist \u00fcber 18 Jahre alt<\/li>\n<\/ul>\n<\/div>\n\n\n\n<div class=\"wp-block-column is-layout-flow wp-block-column-is-layout-flow\" style=\"flex-basis:66.67%\">\n<\/div>\n<\/div>\n\n<div class=\"wp-block-cover alignfull has-neve-text-color-color has-text-color has-link-color wp-elements-5121d15afb9c0cc20daf1697063ef7fd\"><span aria-hidden=\"true\" class=\"wp-block-cover__background has-nv-light-bg-background-color has-background-dim-100 has-background-dim\"><\/span><div class=\"wp-block-cover__inner-container is-layout-constrained wp-block-cover-is-layout-constrained\">\n<div class=\"wp-block-columns has-nv-light-bg-background-color has-background is-layout-flex wp-container-core-columns-is-layout-9d6595d7 wp-block-columns-is-layout-flex\">\n<div class=\"wp-block-column is-layout-flow wp-block-column-is-layout-flow\" style=\"flex-basis:66.66%\">\n<h2 class=\"wp-block-heading\">So bekommst du einen Lehr-Platz<\/h2>\n\n\n\n<ul class=\"wp-block-list\">\n<li>Du meldest dich zur Infoveranstaltung \u00fcber das AMS an. Dabei nimmst du bitte folgendes mit: deinen Lebenslauf, dein letztes Schulzeugnis, Befunde, E-Card, Aufenthaltstitel (wenn vorhanden) und Behindertenpass (wenn vorhanden). Alternativ bewirbst du dich direkt auf eine ausgeschriebene Lehrstelle bei <a href=\"mailto:hannah.krismer@mentorix.at\" title=\"Hannah Krismer\">Hannah Krismer<\/a> oder <a href=\"mailto:cosima.kaiser@unik.at\" title=\"\">Cosima Kaiser<\/a>.  <\/li>\n\n\n\n<li>Bei der Info-Veranstaltung reden wir mit dir pers\u00f6nlich.<br\/>Wir schauen gemeinsam: Passt die Lehre f\u00fcr dich?<br\/>Wenn ja, dann startest du bei uns im Vorbereitungs-Kurs. <\/li>\n\n\n\n<li>Du lernst den Beruf kennen<br\/>Im Projekt kannst du schnuppern.<br\/>Du lernst die Arbeit und uns kennen  <\/li>\n<\/ul>\n\n\n\n<h2 class=\"wp-block-heading\">Was du in der Lehre bekommst:<\/h2>\n\n\n\n<ul class=\"wp-block-list\">\n<li>Du bekommst Geld (das nennt man: Lehrlingsentsch\u00e4digung) und eine bezahlte Pause zu Mittag<\/li>\n\n\n\n<li>Wir begleiten und helfen dir w\u00e4hrend der Lehre.<\/li>\n\n\n\n<li>Du triffst andere Lehrlinge zum Reden<\/li>\n\n\n\n<li>Du lernst auch andere Firmen kennen und lernst dort<\/li>\n<\/ul>\n<\/div>\n\n\n\n<div class=\"wp-block-column is-layout-flow wp-block-column-is-layout-flow\" style=\"flex-basis:33.33%\">\n<figure class=\"wp-block-image size-full\"><img loading=\"lazy\" decoding=\"async\" width=\"452\" height=\"640\" src=\"https:\/\/www.humanisierte.at\/wp-content\/uploads\/2025\/07\/Jobrakete.jpg\" alt=\"Jobrakete\" class=\"wp-image-2491\" srcset=\"https:\/\/www.humanisierte.at\/wp-content\/uploads\/2025\/07\/Jobrakete.jpg 452w, https:\/\/www.humanisierte.at\/wp-content\/uploads\/2025\/07\/Jobrakete-212x300.jpg 212w\" sizes=\"auto, (max-width: 452px) 100vw, 452px\" \/><\/figure>\n<\/div>\n<\/div>\n<\/div><\/div>\n","protected":false},"excerpt":{"rendered":"<p>Ist eine verl\u00e4ngerte Lehre etwas f\u00fcr dich? Du willst eine Lehre machen? Aber du brauchst dabei Hilfe?Dann bist du bei uns richtig. Du kannst bei uns zwei Berufe lernen: Wer bei uns eine Lehre machen kann:<\/p>\n","protected":false},"author":1,"featured_media":0,"parent":0,"menu_order":4,"comment_status":"closed","ping_status":"closed","template":"","meta":{"_acf_changed":false,"neve_meta_sidebar":"","neve_meta_container":"","neve_meta_enable_content_width":"","neve_meta_content_width":0,"neve_meta_title_alignment":"","neve_meta_author_avatar":"","neve_post_elements_order":"","neve_meta_disable_header":"","neve_meta_disable_footer":"","neve_meta_disable_title":"","neve_meta_reading_time":"","slim_seo":{"title":"Lehre - humanisierte arbeitsst\u00e4tte","description":"Ist eine verl\u00e4ngerte Lehre etwas f\u00fcr dich? Du willst eine Lehre machen? Aber du brauchst dabei Hilfe? Dann bist du bei uns richtig. Du kannst bei uns zwei Beruf"},"footnotes":""},"class_list":["post-2561","page","type-page","status-publish","hentry"],"acf":[],"publishpress_future_action":{"enabled":false,"date":"2026-05-24 01:34:47","action":"change-status","newStatus":"draft","terms":[],"taxonomy":"translation_priority","extraData":[]},"publishpress_future_workflow_manual_trigger":{"enabledWorkflows":[]},"_links":{"self":[{"href":"https:\/\/www.humanisierte.at\/de-ls\/wp-json\/wp\/v2\/pages\/2561","targetHints":{"allow":["GET"]}}],"collection":[{"href":"https:\/\/www.humanisierte.at\/de-ls\/wp-json\/wp\/v2\/pages"}],"about":[{"href":"https:\/\/www.humanisierte.at\/de-ls\/wp-json\/wp\/v2\/types\/page"}],"author":[{"embeddable":true,"href":"https:\/\/www.humanisierte.at\/de-ls\/wp-json\/wp\/v2\/users\/1"}],"replies":[{"embeddable":true,"href":"https:\/\/www.humanisierte.at\/de-ls\/wp-json\/wp\/v2\/comments?post=2561"}],"version-history":[{"count":11,"href":"https:\/\/www.humanisierte.at\/de-ls\/wp-json\/wp\/v2\/pages\/2561\/revisions"}],"predecessor-version":[{"id":2882,"href":"https:\/\/www.humanisierte.at\/de-ls\/wp-json\/wp\/v2\/pages\/2561\/revisions\/2882"}],"wp:attachment":[{"href":"https:\/\/www.humanisierte.at\/de-ls\/wp-json\/wp\/v2\/media?parent=2561"}],"curies":[{"name":"wp","href":"https:\/\/api.w.org\/{rel}","templated":true}]}}