{"id":2557,"date":"2025-06-23T11:34:40","date_gmt":"2025-06-23T09:34:40","guid":{"rendered":"https:\/\/www.humanisierte.at\/berufsintegration\/recruiting\/"},"modified":"2025-10-16T13:17:34","modified_gmt":"2025-10-16T11:17:34","slug":"recruiting","status":"publish","type":"page","link":"https:\/\/www.humanisierte.at\/de-ls\/berufsintegration\/recruiting\/","title":{"rendered":"Recruiting"},"content":{"rendered":"\n<div class=\"wp-block-columns is-layout-flex wp-container-core-columns-is-layout-9d6595d7 wp-block-columns-is-layout-flex\">\n<div class=\"wp-block-column is-layout-flow wp-block-column-is-layout-flow\" style=\"flex-basis:33.33%\">\n<figure class=\"wp-block-image size-full\"><img loading=\"lazy\" decoding=\"async\" width=\"1000\" height=\"667\" src=\"https:\/\/www.humanisierte.at\/wp-content\/uploads\/2025\/07\/gripps01_1200-e1693319414470.jpg\" alt=\"Brettspiel Gripps - ein h&#xF6;lzernes Spielbrett mit einem 5x5-Gitter und runden Spielsteinen in zwei Farben: hell (wei&#xDF;) und dunkel (braun-schwarz marmoriert). Das Spielbrett liegt auf einem wei&#xDF;en Hintergrund. \" class=\"wp-image-2073\" srcset=\"https:\/\/www.humanisierte.at\/wp-content\/uploads\/2025\/07\/gripps01_1200-e1693319414470.jpg 1000w, https:\/\/www.humanisierte.at\/wp-content\/uploads\/2025\/07\/gripps01_1200-e1693319414470-300x200.jpg 300w, https:\/\/www.humanisierte.at\/wp-content\/uploads\/2025\/07\/gripps01_1200-e1693319414470-768x512.jpg 768w, https:\/\/www.humanisierte.at\/wp-content\/uploads\/2025\/07\/gripps01_1200-e1693319414470-930x620.jpg 930w\" sizes=\"auto, (max-width: 1000px) 100vw, 1000px\" \/><\/figure>\n\n\n\n<h2 class=\"wp-block-heading\">Willkommen beim Recruiting-Modul!<\/h2>\n\n\n\n<ul class=\"wp-block-list\">\n<li>Sie suchen eine Arbeit? <\/li>\n\n\n\n<li>Haben Sie einen Behindertenpass oder einen Bescheid mit 50 % Behinderung oder mehr?<\/li>\n<\/ul>\n<\/div>\n\n\n\n<div class=\"wp-block-column is-layout-flow wp-block-column-is-layout-flow\" style=\"flex-basis:66.67%\">\n<\/div>\n<\/div>\n\n<div class=\"wp-block-columns has-nv-site-bg-background-color has-background is-layout-flex wp-container-core-columns-is-layout-9d6595d7 wp-block-columns-is-layout-flex\">\n<div class=\"wp-block-column is-layout-flow wp-block-column-is-layout-flow\" style=\"flex-basis:66.66%\">\n<h2 class=\"wp-block-heading\">Bei uns bekommen Sie:<\/h2>\n\n\n\n<ul class=\"wp-block-list\">\n<li>Jobvermittlung ohne langen Kurs.<\/li>\n\n\n\n<li>Kontakte zu vielen Firmen in verschiedenen Bereichen: Gastronomie &#8211; Einzelhandel &#8211; Reinigung &#8211; Lager &#8211; Produktion &#8211; B\u00fcro<\/li>\n\n\n\n<li>Wir suchen nach passenden Jobs. Wir helfen Ihnen bei Bewerbungen.<\/li>\n\n\n\n<li>Wir unterst\u00fctzen Sie bei Antr\u00e4gen, zum Beispiel f\u00fcr Praktika.<\/li>\n\n\n\n<li>Wir begleiten Sie auch noch nach der Anstellung. So sichern wir Ihren Arbeitsplatz.<\/li>\n<\/ul>\n<\/div>\n\n\n\n<div class=\"wp-block-column is-layout-flow wp-block-column-is-layout-flow\" style=\"flex-basis:33.33%\">\n<figure class=\"wp-block-image size-full is-resized\"><img loading=\"lazy\" decoding=\"async\" width=\"452\" height=\"640\" src=\"https:\/\/www.humanisierte.at\/wp-content\/uploads\/2025\/07\/Jobrakete.jpg\" alt=\"Jobrakete\" class=\"wp-image-2491\" style=\"width:200px\" srcset=\"https:\/\/www.humanisierte.at\/wp-content\/uploads\/2025\/07\/Jobrakete.jpg 452w, https:\/\/www.humanisierte.at\/wp-content\/uploads\/2025\/07\/Jobrakete-212x300.jpg 212w\" sizes=\"auto, (max-width: 452px) 100vw, 452px\" \/><\/figure>\n<\/div>\n<\/div>\n\n<div class=\"wp-block-cover alignfull section-form has-neve-text-color-color has-text-color has-link-color wp-elements-49a83fb4550bf06cb9050edd7894e218\" style=\"min-height:50px;aspect-ratio:unset;\"><span aria-hidden=\"true\" class=\"wp-block-cover__background has-nv-light-bg-background-color has-background-dim-100 has-background-dim\"><\/span><div class=\"wp-block-cover__inner-container is-layout-constrained wp-block-cover-is-layout-constrained\">\n<h2 class=\"wp-block-heading\">Dann bewerben Sie sich direkt bei unserem Recruiting-Modul<\/h2>\n\n\n\n<p>Wir freuen uns auf Ihre Bewerbung!<\/p>\n\n\n\n<div class=\"wpcf7 no-js\" id=\"wpcf7-f2999-o1\" lang=\"de-LS\" dir=\"ltr\" data-wpcf7-id=\"2999\">\n<div class=\"screen-reader-response\"><p role=\"status\" aria-live=\"polite\" aria-atomic=\"true\"><\/p> <ul><\/ul><\/div>\n<form action=\"\/de-ls\/wp-json\/wp\/v2\/pages\/2557#wpcf7-f2999-o1\" method=\"post\" class=\"wpcf7-form init wpcf7-acceptance-as-validation\" aria-label=\"Contact form\" enctype=\"multipart\/form-data\" novalidate=\"novalidate\" data-status=\"init\">\n<fieldset class=\"hidden-fields-container\"><input type=\"hidden\" name=\"_wpcf7\" value=\"2999\" \/><input type=\"hidden\" name=\"_wpcf7_version\" value=\"6.1.5\" \/><input type=\"hidden\" name=\"_wpcf7_locale\" value=\"de_LS\" \/><input type=\"hidden\" name=\"_wpcf7_unit_tag\" value=\"wpcf7-f2999-o1\" \/><input type=\"hidden\" name=\"_wpcf7_container_post\" value=\"0\" \/><input type=\"hidden\" name=\"_wpcf7_posted_data_hash\" value=\"\" \/><input type=\"hidden\" name=\"_wpcf7dtx_version\" value=\"5.0.5\" \/>\n<\/fieldset>\n<legend>\n\t<h3>Pers\u00f6nliche Daten\n\t<\/h3>\n<\/legend>\n<div class=\"row\">\n\t<div class=\"col-33 required\">\n\t\t<p><label for=\"anrede\">Anrede <small>(Frau\/Herr\/Divers)<\/small><\/label><span class=\"wpcf7-form-control-wrap\" data-name=\"anrede\"><input size=\"40\" maxlength=\"400\" class=\"wpcf7-form-control wpcf7-text wpcf7-validates-as-required\" id=\"anrede\" aria-required=\"true\" aria-invalid=\"false\" value=\"\" type=\"text\" name=\"anrede\" \/><\/span>\n\t\t<\/p>\n\t<\/div>\n\t<div class=\"col-33 required\">\n\t\t<p><label for=\"vorname\">Vorname<\/label><span class=\"wpcf7-form-control-wrap\" data-name=\"vorname\"><input size=\"40\" maxlength=\"400\" class=\"wpcf7-form-control wpcf7-text wpcf7-validates-as-required\" id=\"vorname\" autocomplete=\"given-name\" aria-required=\"true\" aria-invalid=\"false\" value=\"\" type=\"text\" name=\"vorname\" \/><\/span>\n\t\t<\/p>\n\t<\/div>\n\t<div class=\"col-33 required\">\n\t\t<p><label for=\"nachname\">Nachname<\/label><span class=\"wpcf7-form-control-wrap\" data-name=\"nachname\"><input size=\"40\" maxlength=\"400\" class=\"wpcf7-form-control wpcf7-text wpcf7-validates-as-required\" id=\"nachname\" autocomplete=\"family-name\" aria-required=\"true\" aria-invalid=\"false\" value=\"\" type=\"text\" name=\"nachname\" \/><\/span>\n\t\t<\/p>\n\t<\/div>\n<\/div>\n<div class=\"row\">\n\t<div class=\"col-50 required\">\n\t\t<p><label for=\"email\">E-Mail-Adresse<\/label><span class=\"wpcf7-form-control-wrap\" data-name=\"email\"><input size=\"40\" maxlength=\"400\" class=\"wpcf7-form-control wpcf7-email wpcf7-validates-as-required wpcf7-text wpcf7-validates-as-email\" id=\"email\" autocomplete=\"email\" aria-required=\"true\" aria-invalid=\"false\" value=\"\" type=\"email\" name=\"email\" \/><\/span>\n\t\t<\/p>\n\t<\/div>\n\t<div class=\"col-50\">\n\t\t<p><label for=\"telefon\">Telefon <small>(optional)<\/small><\/label><span class=\"wpcf7-form-control-wrap\" data-name=\"telefon\"><input size=\"40\" maxlength=\"400\" class=\"wpcf7-form-control wpcf7-text\" id=\"telefon\" autocomplete=\"tel\" aria-invalid=\"false\" value=\"\" type=\"text\" name=\"telefon\" \/><\/span>\n\t\t<\/p>\n\t<\/div>\n<\/div>\n<div class=\"row\">\n\t<div class=\"col-50 required\">\n\t\t<p><label for=\"grad-behinderung\">Grad der Behinderung<\/label><span class=\"wpcf7-form-control-wrap\" data-name=\"grad-behinderung\"><input size=\"40\" maxlength=\"400\" class=\"wpcf7-form-control wpcf7-text wpcf7-validates-as-required\" id=\"grad-behinderung\" aria-required=\"true\" aria-invalid=\"false\" value=\"\" type=\"text\" name=\"grad-behinderung\" \/><\/span><span id=\"wpcf7-6a08ff12d7d46-wrapper\" class=\"wpcf7-form-control-wrap phone-wrap\" style=\"display:none !important; visibility:hidden !important;\"><label for=\"phone\" class=\"hp-message\">Please leave this field empty.<\/label><input id=\"phone\"  class=\"wpcf7-form-control wpcf7-text\" type=\"text\" name=\"phone\" value=\"\" size=\"40\" tabindex=\"-1\" autocomplete=\"new-password\" \/><\/span>\n\t\t<\/p>\n\t<\/div>\n<\/div>\n<legend>\n\t<h3>Bewerbung\n\t<\/h3>\n<\/legend>\n<div class=\"row\">\n\t<div class=\"col-100\">\n\t\t<p><label for=\"beitrag\">Kommentar <small>(optional)<\/small><\/label><span class=\"wpcf7-form-control-wrap\" data-name=\"beitrag\"><textarea cols=\"40\" rows=\"10\" maxlength=\"2000\" class=\"wpcf7-form-control wpcf7-textarea\" id=\"beitrag\" aria-invalid=\"false\" name=\"beitrag\"><\/textarea><\/span>\n\t\t<\/p>\n\t<\/div>\n<\/div>\n<legend>\n\t<h3>Anh\u00e4nge\n\t<\/h3>\n<\/legend>\n<div class=\"row\">\n\t<div class=\"col-100\">\n\t\t<p><label for=\"files\"><strong>Lebenslauf (verpflichtend), Anschreiben, Foto, Arbeitszeugnisse, Referenzen, Portfolio o. \u00c4.<\/strong> <span class=\"description\">M\u00f6gliche Dateitypen: pdf (bevorzugt), docx, txt, zip, jpg, png, tif.<\/span> <span class=\"description\">Maximale Dateigr\u00f6\u00dfe: 10 MB<\/span><\/label><div id=\"mfcf7_zl_multifilecontainer\"><span class=\"mfcf7-zl-multiline-sample\" style=\"display:none\"><p class=\"wpcf7-form-control-wrap files\"><input size=\"40\" class=\"wpcf7-form-control wpcf7-multilinefile wpcf7-validates-as-required\" id=\"files\" multiple=\"multiple\" value=\"Dateien ausw\u00e4hlen\" aria-required=\"true\" aria-invalid=\"false\" type=\"file\" name=\"files[]\" \/> <span class=\"mfcf7-zl-multifile-name\"><\/span><a href=\"javascript:void(0);\" class=\"mfcf7_zl_delete_file\"><span class=\"delete-file\" aria-hidden=\"true\">&#x274C;<\/span><\/a><\/p><\/span><\/div><span class=\"wpcf7-form-control-wrap zl-form-control-wrap files\"><input size=\"40\" class=\"wpcf7-form-control wpcf7-multilinefile wpcf7-validates-as-required\" id=\"files\" multiple=\"multiple\" value=\"Dateien ausw\u00e4hlen\" aria-required=\"true\" aria-invalid=\"false\" type=\"file\" name=\"files[]\" \/> <span class=\"mfcf7-zl-multifile-name\"><\/span><a href=\"javascript:void(0);\" class=\"mfcf7_zl_delete_file\"><span class=\"delete-file\" aria-hidden=\"true\">&#x274C;<\/span><\/a><\/span><p><label><span class=\"wpcf7-form-control-wrap\" data-name=\"files-zl-mfcf7-upld-btn\"><input type=\"button\" name=\"files-zl-mfcf7-upld-btn\" class=\"button button-primary qbutton\" id=\"mfcf7_zl_add_file\" value=\"Dateien ausw\u00e4hlen\"><\/span><\/label><\/p>\n\t\t<\/p>\n\t<\/div>\n\t<div class=\"col-100 daten\">\n\t\t<p>Ihre Bewerbungsunterlagen werden bei uns f\u00fcr 7 Monate aufbewahrt und in Evidenz gehalten. Nach Ablauf dieser Frist oder bei schriftlichem Widerruf der Zustimmung werden diese datenschutzkonform gel\u00f6scht.\n\t\t<\/p>\n\t\t<p>Weitere Informationen sind in der <a href=\"\/datenschutz\" target=\"_blank\">Datenschutzerkl\u00e4rung<\/a> enthalten.\n\t\t<\/p>\n\t<\/div>\n<span class=\"wpcf7-form-control-wrap title\" data-name=\"title\"><input type=\"hidden\" name=\"title\" id=\"post-title\" class=\"wpcf7-form-control wpcf7-hidden wpcf7dtx wpcf7dtx-hidden\" aria-invalid=\"false\" value=\"Recruiting\"><\/span>\n\t<div class=\"col-100 form-submit\">\n\t\t<p><input type=\"submit\" value=\"jetzt bewerben\" class=\"wpcf7-form-control wpcf7-submit x-anchor-button\" \/>\n\t\t<\/p>\n\t<\/div>\n<\/div><div class=\"wpcf7-response-output\" aria-hidden=\"true\"><\/div>\n<\/form>\n<\/div>\n\n<\/div><\/div>\n\n<div class=\"wp-block-columns is-layout-flex wp-container-core-columns-is-layout-9d6595d7 wp-block-columns-is-layout-flex\">\n<div class=\"wp-block-column is-layout-flow wp-block-column-is-layout-flow\">\n<h2 class=\"wp-block-heading\">Sie suchen Personal f\u00fcr Ihr Unternehmen und sind neugierig geworden?<\/h2>\n\n\n\n<p>Nehmen Sie einfach <a href=\"mailto:recruiting@humanisierte.at\" title=\"\">mit uns Kontakt auf<\/a>!<\/p>\n<\/div>\n<\/div>\n","protected":false},"excerpt":{"rendered":"<p>Willkommen beim Recruiting-Modul! Bei uns bekommen Sie: Sie suchen Personal f\u00fcr Ihr Unternehmen und sind neugierig geworden? Nehmen Sie einfach mit uns Kontakt auf!<\/p>\n","protected":false},"author":1,"featured_media":0,"parent":1565,"menu_order":4,"comment_status":"closed","ping_status":"closed","template":"","meta":{"_acf_changed":false,"neve_meta_sidebar":"","neve_meta_container":"","neve_meta_enable_content_width":"","neve_meta_content_width":0,"neve_meta_title_alignment":"","neve_meta_author_avatar":"","neve_post_elements_order":"","neve_meta_disable_header":"","neve_meta_disable_footer":"","neve_meta_disable_title":"","neve_meta_reading_time":"","slim_seo":{"title":"Recruiting - humanisierte arbeitsst\u00e4tte","description":"Willkommen beim Recruiting-Modul! Bei uns bekommen Sie: Sie suchen Personal f\u00fcr Ihr Unternehmen und sind neugierig geworden? Nehmen Sie einfach mit uns Kontakt"},"footnotes":""},"class_list":["post-2557","page","type-page","status-publish","hentry"],"acf":[],"publishpress_future_action":{"enabled":false,"date":"2026-05-24 01:34:42","action":"change-status","newStatus":"draft","terms":[],"taxonomy":"translation_priority","extraData":[]},"publishpress_future_workflow_manual_trigger":{"enabledWorkflows":[]},"_links":{"self":[{"href":"https:\/\/www.humanisierte.at\/de-ls\/wp-json\/wp\/v2\/pages\/2557","targetHints":{"allow":["GET"]}}],"collection":[{"href":"https:\/\/www.humanisierte.at\/de-ls\/wp-json\/wp\/v2\/pages"}],"about":[{"href":"https:\/\/www.humanisierte.at\/de-ls\/wp-json\/wp\/v2\/types\/page"}],"author":[{"embeddable":true,"href":"https:\/\/www.humanisierte.at\/de-ls\/wp-json\/wp\/v2\/users\/1"}],"replies":[{"embeddable":true,"href":"https:\/\/www.humanisierte.at\/de-ls\/wp-json\/wp\/v2\/comments?post=2557"}],"version-history":[{"count":13,"href":"https:\/\/www.humanisierte.at\/de-ls\/wp-json\/wp\/v2\/pages\/2557\/revisions"}],"predecessor-version":[{"id":3446,"href":"https:\/\/www.humanisierte.at\/de-ls\/wp-json\/wp\/v2\/pages\/2557\/revisions\/3446"}],"up":[{"embeddable":true,"href":"https:\/\/www.humanisierte.at\/de-ls\/wp-json\/wp\/v2\/pages\/1565"}],"wp:attachment":[{"href":"https:\/\/www.humanisierte.at\/de-ls\/wp-json\/wp\/v2\/media?parent=2557"}],"curies":[{"name":"wp","href":"https:\/\/api.w.org\/{rel}","templated":true}]}}