{"id":2344,"date":"2025-06-23T11:30:44","date_gmt":"2025-06-23T09:30:44","guid":{"rendered":"https:\/\/www.humanisierte.at\/tagesstruktur\/kreativwerkstatt-im-8en\/"},"modified":"2025-07-22T10:01:23","modified_gmt":"2025-07-22T08:01:23","slug":"kreativwerkstatt-im-8en","status":"publish","type":"page","link":"https:\/\/www.humanisierte.at\/de-ls\/tagesstruktur\/kreativwerkstatt-im-8en\/","title":{"rendered":"Kreativwerkstatt im 8en"},"content":{"rendered":"\n<div class=\"wp-block-columns is-layout-flex wp-container-core-columns-is-layout-9d6595d7 wp-block-columns-is-layout-flex\">\n<div class=\"wp-block-column is-layout-flow wp-block-column-is-layout-flow\" style=\"flex-basis:66.66%\">\n<h2 class=\"wp-block-heading\">Information<\/h2>\n\n\n\n<p>Die Kreativwerkstatt im 8en ist eine Tagesstruktur f\u00fcr Menschen mit Behinderung im 8. Bezirk in Wien. Sie wird vom Fonds Soziales Wien bezahlt. Wer bei uns mitarbeiten m\u00f6chte, braucht eine Bewilligung nach \u00a7 9 vom Fonds Soziales Wien. Wir arbeiten in 9 verschiedenen Kreativgruppen. Alle Gruppen sind in der N\u00e4he der Pfeilgasse in Wien. Bei uns kann man auch Praktika in Firmen machen. Es gibt regelm\u00e4\u00dfig Ausfl\u00fcge, eine w\u00f6chentliche Bewegungseinheit und eine Urlaubsaktion im Sommer. Wenn du Interesse hast, melde dich bei uns.<\/p>\n\n\n\n<p><\/p>\n\n\n\n<figure class=\"wp-block-gallery has-nested-images columns-default is-cropped wp-block-gallery-1 is-layout-flex wp-block-gallery-is-layout-flex\">\n<figure class=\"wp-block-image size-full\"><img loading=\"lazy\" decoding=\"async\" width=\"800\" height=\"533\" data-id=\"1837\" src=\"https:\/\/www.humanisierte.at\/wp-content\/uploads\/2025\/07\/Hbild-70_resized.jpg\" alt=\"H\u00e4nde kneten Ton\" class=\"wp-image-1837\" srcset=\"https:\/\/www.humanisierte.at\/wp-content\/uploads\/2025\/07\/Hbild-70_resized.jpg 800w, https:\/\/www.humanisierte.at\/wp-content\/uploads\/2025\/07\/Hbild-70_resized-300x200.jpg 300w, https:\/\/www.humanisierte.at\/wp-content\/uploads\/2025\/07\/Hbild-70_resized-768x512.jpg 768w\" sizes=\"auto, (max-width: 800px) 100vw, 800px\" \/><\/figure>\n\n\n\n<figure class=\"wp-block-image size-full\"><img loading=\"lazy\" decoding=\"async\" width=\"800\" height=\"533\" data-id=\"1843\" src=\"https:\/\/www.humanisierte.at\/wp-content\/uploads\/2025\/07\/Hbild-131_resized.jpg\" alt=\"H\u00e4nde schneiden mit der S\u00e4ge\" class=\"wp-image-1843\" srcset=\"https:\/\/www.humanisierte.at\/wp-content\/uploads\/2025\/07\/Hbild-131_resized.jpg 800w, https:\/\/www.humanisierte.at\/wp-content\/uploads\/2025\/07\/Hbild-131_resized-300x200.jpg 300w, https:\/\/www.humanisierte.at\/wp-content\/uploads\/2025\/07\/Hbild-131_resized-768x512.jpg 768w\" sizes=\"auto, (max-width: 800px) 100vw, 800px\" \/><\/figure>\n\n\n\n<figure class=\"wp-block-image size-full\"><img loading=\"lazy\" decoding=\"async\" width=\"800\" height=\"533\" data-id=\"1853\" src=\"https:\/\/www.humanisierte.at\/wp-content\/uploads\/2025\/07\/Hbild-15_resized.jpg\" alt=\"H\u00e4nde n\u00e4hen ein St\u00fcck Stoff\" class=\"wp-image-1853\" srcset=\"https:\/\/www.humanisierte.at\/wp-content\/uploads\/2025\/07\/Hbild-15_resized.jpg 800w, https:\/\/www.humanisierte.at\/wp-content\/uploads\/2025\/07\/Hbild-15_resized-300x200.jpg 300w, https:\/\/www.humanisierte.at\/wp-content\/uploads\/2025\/07\/Hbild-15_resized-768x512.jpg 768w\" sizes=\"auto, (max-width: 800px) 100vw, 800px\" \/><\/figure>\n<\/figure>\n<\/div>\n\n\n\n<div class=\"wp-block-column is-layout-flow wp-block-column-is-layout-flow\" style=\"flex-basis:33.33%\"><div class=\"team-wrapper\">            <div class=\"team-member\">\n                                <ul class=\"team-gallery\" role=\"region\" aria-label=\"Bildergalerie von Mag.a Sabine  Fenzl\">\n                                                <li class=\"team-member-image\">\n                              <img decoding=\"async\"\n                                  src=\"https:\/\/www.humanisierte.at\/wp-content\/uploads\/2025\/06\/IMG_1180_q-350x350-1-300x300.jpg\"\n                                  alt=\"Img 1180 q 350x350\"\n                                                                        aria-label=\"IMG_1180_q-350x350\"\n                                                                >\n                          <\/li>\n                                                <li class=\"team-member-image\">\n                              <img decoding=\"async\"\n                                  src=\"https:\/\/www.humanisierte.at\/wp-content\/uploads\/2025\/06\/IMG_1193_q-350x350-1-300x300.jpg\"\n                                  alt=\"Img 1193 q 350x350\"\n                                                                        aria-label=\"IMG_1193_q-350x350\"\n                                                                >\n                          <\/li>\n                                                <li class=\"team-member-image\">\n                              <img decoding=\"async\"\n                                  src=\"https:\/\/www.humanisierte.at\/wp-content\/uploads\/2025\/06\/IMG_1208_q-350x350-1-300x300.jpg\"\n                                  alt=\"Img 1208 q 350x350\"\n                                                                        aria-label=\"IMG_1208_q-350x350\"\n                                                                >\n                          <\/li>\n                                                <li class=\"team-member-image\">\n                              <img decoding=\"async\"\n                                  src=\"https:\/\/www.humanisierte.at\/wp-content\/uploads\/2025\/06\/IMG_1216_q-350x350-1-300x300.jpg\"\n                                  alt=\"Img 1216 q 350x350\"\n                                                                        aria-label=\"IMG_1216_q-350x350\"\n                                                                >\n                          <\/li>\n                                                <li class=\"team-member-image\">\n                              <img decoding=\"async\"\n                                  src=\"https:\/\/www.humanisierte.at\/wp-content\/uploads\/2025\/06\/IMG_1224_q-350x350-1-300x300.jpg\"\n                                  alt=\"Img 1224 q 350x350\"\n                                                                        aria-label=\"IMG_1224_q-350x350\"\n                                                                >\n                          <\/li>\n                                        <\/ul>\n                \n                                    <h3>Mag.a Sabine  Fenzl<\/h3>\n                \n                                    <p class=\"team-job\">Co-Gesch\u00e4ftsf\u00fchrung<\/p>\n                \n                                    <p class=\"team-job\">Projektteamleitung<\/p>\n                \n                                    <p class=\"team-projekt\">Projekt Kreativwerkstatt im 8en<\/p>\n                \n                                    <p class=\"team-adresse\">Pfeilgasse 35, 1080 Wien<\/p>\n                \n                                    <p class=\"team-telefonnummer\">\n                        <a href=\"tel:+43-1-4087626-13\">\n                            +43-1-4087626-13                        <\/a>\n                    <\/p>\n                \n                \n                                    <p class=\"team-email\">\n                        <a href=\"mailto:s&#97;&#98;&#105;ne.f&#101;n&#122;l&#64;&#104;uma&#110;is&#105;&#101;r&#116;&#101;.a&#116;\">\n                            sabi&#110;&#101;&#46;f&#101;n&#122;l&#64;hu&#109;&#97;&#110;&#105;sie&#114;&#116;e&#46;&#97;t                        <\/a>\n                    <\/p>\n                \n                                    <p class=\"team-link\">\n                        <a href=\"https:\/\/www.humanisierte.at\/tagesstruktur\/kreativwerkstatt-im-8en\/\">\n                            Kreativwerkstatt im 8en                        <\/a>\n                    <\/p>\n                \n                \n                \n            <\/div>\n            <\/div>\n<\/div>\n<\/div>\n\n\n\n<p><\/p>\n","protected":false},"excerpt":{"rendered":"<p>Information Die Kreativwerkstatt im 8en ist eine Tagesstruktur f\u00fcr Menschen mit Behinderung im 8. Bezirk in Wien. Sie wird vom Fonds Soziales Wien bezahlt. Wer bei uns mitarbeiten m\u00f6chte, braucht eine Bewilligung nach \u00a7 9 vom Fonds Soziales Wien. Wir arbeiten in 9 verschiedenen Kreativgruppen. Alle Gruppen sind in der N\u00e4he der Pfeilgasse in Wien.&hellip;&nbsp;<\/p>\n","protected":false},"author":1,"featured_media":0,"parent":1564,"menu_order":1,"comment_status":"closed","ping_status":"closed","template":"","meta":{"_acf_changed":false,"neve_meta_sidebar":"","neve_meta_container":"","neve_meta_enable_content_width":"","neve_meta_content_width":0,"neve_meta_title_alignment":"","neve_meta_author_avatar":"","neve_post_elements_order":"","neve_meta_disable_header":"","neve_meta_disable_footer":"","neve_meta_disable_title":"","neve_meta_reading_time":"","slim_seo":{"title":"Fenzl Sabine - humanisierte arbeitsst\u00e4tte","description":""},"footnotes":""},"class_list":["post-2344","page","type-page","status-publish","hentry"],"acf":[],"publishpress_future_action":{"enabled":false,"date":"2026-05-24 01:40:24","action":"change-status","newStatus":"draft","terms":[],"taxonomy":"translation_priority","extraData":[]},"publishpress_future_workflow_manual_trigger":{"enabledWorkflows":[]},"_links":{"self":[{"href":"https:\/\/www.humanisierte.at\/de-ls\/wp-json\/wp\/v2\/pages\/2344","targetHints":{"allow":["GET"]}}],"collection":[{"href":"https:\/\/www.humanisierte.at\/de-ls\/wp-json\/wp\/v2\/pages"}],"about":[{"href":"https:\/\/www.humanisierte.at\/de-ls\/wp-json\/wp\/v2\/types\/page"}],"author":[{"embeddable":true,"href":"https:\/\/www.humanisierte.at\/de-ls\/wp-json\/wp\/v2\/users\/1"}],"replies":[{"embeddable":true,"href":"https:\/\/www.humanisierte.at\/de-ls\/wp-json\/wp\/v2\/comments?post=2344"}],"version-history":[{"count":3,"href":"https:\/\/www.humanisierte.at\/de-ls\/wp-json\/wp\/v2\/pages\/2344\/revisions"}],"predecessor-version":[{"id":2798,"href":"https:\/\/www.humanisierte.at\/de-ls\/wp-json\/wp\/v2\/pages\/2344\/revisions\/2798"}],"up":[{"embeddable":true,"href":"https:\/\/www.humanisierte.at\/de-ls\/wp-json\/wp\/v2\/pages\/1564"}],"wp:attachment":[{"href":"https:\/\/www.humanisierte.at\/de-ls\/wp-json\/wp\/v2\/media?parent=2344"}],"curies":[{"name":"wp","href":"https:\/\/api.w.org\/{rel}","templated":true}]}}