{"id":2268,"date":"2025-06-23T11:38:18","date_gmt":"2025-06-23T09:38:18","guid":{"rendered":"https:\/\/www.humanisierte.at\/berufsintegration\/arbeitstraining\/cafeteria\/"},"modified":"2025-07-23T16:23:36","modified_gmt":"2025-07-23T14:23:36","slug":"cafeteria","status":"publish","type":"page","link":"https:\/\/www.humanisierte.at\/de-ls\/berufsintegration\/arbeitstraining\/cafeteria\/","title":{"rendered":"Cafeteria"},"content":{"rendered":"\n<div class=\"wp-block-columns is-layout-flex wp-container-core-columns-is-layout-9d6595d7 wp-block-columns-is-layout-flex\">\n<div class=\"wp-block-column is-layout-flow wp-block-column-is-layout-flow\" style=\"flex-basis:66.66%\">\n<blockquote class=\"wp-block-quote is-layout-flow wp-block-quote-is-layout-flow\">\n<p><strong>\u201eTee w\u00e4rmt das Herz, Kaffee w\u00e4rmt die Seele\u201c<\/strong><\/p>\n\n\n\n<p><\/p>\n<\/blockquote>\n\n\n\n<p>In der Cafeteria werden Snacks und Getr\u00e4nke f\u00fcr die Mitarbeiter*innen sowie Teilnehmer*innen des Projekts angeboten. Zu den Aufgaben z\u00e4hlen die Zubereitung von Kaffee- und Teeangebot, von Snacks und S\u00fc\u00dfspeisen, die Bedienung der Kassa und allgemeine Aufgaben wie Ordnung-Halten und Reinigungst\u00e4tigkeiten. Teilnehmer*innen in der Cafeteria haben die M\u00f6glichkeit verschiedenste Aufgaben aus dem Bereich Gastronomie und Einzelhandel zu erlernen.  <\/p>\n\n\n\n<figure class=\"wp-block-gallery has-nested-images columns-default is-cropped wp-block-gallery-1 is-layout-flex wp-block-gallery-is-layout-flex\">\n<figure class=\"wp-block-image size-full\"><img loading=\"lazy\" decoding=\"async\" width=\"2560\" height=\"1920\" data-id=\"2226\" src=\"https:\/\/www.humanisierte.at\/wp-content\/uploads\/2025\/07\/IMG_6396-scaled-1.jpg\" alt=\"Viele Gl&#xE4;ser auf den Kopf gestellt\" class=\"wp-image-2226\" srcset=\"https:\/\/www.humanisierte.at\/wp-content\/uploads\/2025\/07\/IMG_6396-scaled-1.jpg 2560w, https:\/\/www.humanisierte.at\/wp-content\/uploads\/2025\/07\/IMG_6396-scaled-1-300x225.jpg 300w, https:\/\/www.humanisierte.at\/wp-content\/uploads\/2025\/07\/IMG_6396-scaled-1-1024x768.jpg 1024w, https:\/\/www.humanisierte.at\/wp-content\/uploads\/2025\/07\/IMG_6396-scaled-1-768x576.jpg 768w, https:\/\/www.humanisierte.at\/wp-content\/uploads\/2025\/07\/IMG_6396-scaled-1-1536x1152.jpg 1536w, https:\/\/www.humanisierte.at\/wp-content\/uploads\/2025\/07\/IMG_6396-scaled-1-2048x1536.jpg 2048w\" sizes=\"auto, (max-width: 2560px) 100vw, 2560px\" \/><figcaption class=\"wp-element-caption\">fotografiert von Regina Primus<\/figcaption><\/figure>\n\n\n\n<figure class=\"wp-block-image size-full\"><img loading=\"lazy\" decoding=\"async\" width=\"800\" height=\"533\" data-id=\"2228\" src=\"https:\/\/www.humanisierte.at\/wp-content\/uploads\/2025\/07\/IMG_7592-e1572346132576.jpg\" alt=\"Kaffeetasse mit Kaffe gef&#xFC;llt, einem Glas Wasser mit L&#xF6;ffel auf einen silbernen Tablett.\" class=\"wp-image-2228\" srcset=\"https:\/\/www.humanisierte.at\/wp-content\/uploads\/2025\/07\/IMG_7592-e1572346132576.jpg 800w, https:\/\/www.humanisierte.at\/wp-content\/uploads\/2025\/07\/IMG_7592-e1572346132576-300x200.jpg 300w, https:\/\/www.humanisierte.at\/wp-content\/uploads\/2025\/07\/IMG_7592-e1572346132576-768x512.jpg 768w\" sizes=\"auto, (max-width: 800px) 100vw, 800px\" \/><\/figure>\n<\/figure>\n<\/div>\n\n\n\n<div class=\"wp-block-column is-layout-flow wp-block-column-is-layout-flow\" style=\"flex-basis:33.33%\"><div class=\"team-wrapper\">            <div class=\"team-member\">\n                                <ul class=\"team-gallery\" role=\"region\" aria-label=\"Bildergalerie von Mag.a Johanna Weisshuhn\">\n                                                <li class=\"team-member-image\">\n                              <img decoding=\"async\"\n                                  src=\"https:\/\/www.humanisierte.at\/wp-content\/uploads\/2025\/07\/Johanna_04-300x270.jpg\"\n                                  alt=\"Johanna Weisshuhn\"\n                                                                        aria-label=\"Johanna_04\"\n                                                                >\n                          <\/li>\n                                                <li class=\"team-member-image\">\n                              <img decoding=\"async\"\n                                  src=\"https:\/\/www.humanisierte.at\/wp-content\/uploads\/2025\/07\/Johanna_05-300x270.jpg\"\n                                  alt=\"Johanna Weisshuhn\"\n                                                                        aria-label=\"Johanna_05\"\n                                                                >\n                          <\/li>\n                                                <li class=\"team-member-image\">\n                              <img decoding=\"async\"\n                                  src=\"https:\/\/www.humanisierte.at\/wp-content\/uploads\/2025\/07\/Johanna_03-300x270.jpg\"\n                                  alt=\"Johanna Weisshuhn\"\n                                                                        aria-label=\"Johanna_03\"\n                                                                >\n                          <\/li>\n                                                <li class=\"team-member-image\">\n                              <img decoding=\"async\"\n                                  src=\"https:\/\/www.humanisierte.at\/wp-content\/uploads\/2025\/07\/Johanna_02-300x270.jpg\"\n                                  alt=\"Johanna Weisshuhn\"\n                                                                        aria-label=\"Johanna_02\"\n                                                                >\n                          <\/li>\n                                                <li class=\"team-member-image\">\n                              <img decoding=\"async\"\n                                  src=\"https:\/\/www.humanisierte.at\/wp-content\/uploads\/2025\/07\/Johanna_01-300x270.jpg\"\n                                  alt=\"Johanna Weisshuhn\"\n                                                                        aria-label=\"Johanna_01\"\n                                                                >\n                          <\/li>\n                                        <\/ul>\n                \n                                    <h3>Mag.a Johanna Weisshuhn<\/h3>\n                \n                                    <p class=\"team-job\">Leitung  Galerie &amp; Vertrieb<\/p>\n                \n                \n                                    <p class=\"team-projekt\">Projekt unik.at<\/p>\n                \n                                    <p class=\"team-adresse\">Josefst\u00e4dterstra\u00dfe 40, 1080 Wien<\/p>\n                \n                                    <p class=\"team-telefonnummer\">\n                        <a href=\"tel:01-4086613\">\n                            01-4086613                        <\/a>\n                    <\/p>\n                \n                \n                                    <p class=\"team-email\">\n                        <a href=\"mailto:jo&#104;&#97;&#110;&#110;a.&#119;&#101;&#105;&#115;s&#104;u&#104;n&#64;un&#105;&#107;.at\">\n                            &#106;&#111;&#104;&#97;&#110;n&#97;.&#119;&#101;i&#115;&#115;&#104;uh&#110;&#64;&#117;nik.&#97;t                        <\/a>\n                    <\/p>\n                \n                                    <p class=\"team-link\">\n                        <a href=\"https:\/\/www.humanisierte.at\/verein\/galerie-unik-at\/\">\n                            Galerie \u2013 unik.at                        <\/a>\n                    <\/p>\n                \n                \n                \n            <\/div>\n            <\/div>\n<\/div>\n<\/div>\n\n<div class=\"wp-block-cover alignfull has-neve-text-color-color has-text-color has-link-color wp-elements-7b0adba07b3aed40b62eef39c5fdcd58\"><span aria-hidden=\"true\" class=\"wp-block-cover__background has-nv-light-bg-background-color has-background-dim-100 has-background-dim\"><\/span><div class=\"wp-block-cover__inner-container is-layout-constrained wp-block-cover-is-layout-constrained\">\n<div class=\"wp-block-columns has-nv-light-bg-background-color has-background is-layout-flex wp-container-core-columns-is-layout-9d6595d7 wp-block-columns-is-layout-flex\">\n<div class=\"wp-block-column is-layout-flow wp-block-column-is-layout-flow\" style=\"flex-basis:66.66%\">\n<h2 class=\"wp-block-heading\">Und was genau macht man dort so?<\/h2>\n\n\n\n<p>In der Cafeteria macht man viele verschiedene Dinge. Man verkauft Kaffee, Tee, Kuchen, Kekse und Toast. Man bereitet diese Sachen auch selbst zu. Man h\u00e4lt die R\u00e4ume sauber. Man bedient die Kassa. Man dekoriert die R\u00e4ume und Tische.  <\/p>\n\n\n\n<h2 class=\"wp-block-heading\">Ich wei\u00df nicht, ob ich \u00fcberhaupt in einem Buffet arbeiten m\u00f6chte&#8230;<\/h2>\n\n\n\n<p>In der Cafeteria kann man viel lernen. Mann kann lernen mit Kunden und Kundinnen zu sprechen. Man kann lernen an der Kassa zu arbeiten. Man kann lernen Bestellungen aufzunehmen. Die Aufgaben sind eine gute \u00dcbung f\u00fcr viele Berufe. <\/p>\n<\/div>\n\n\n\n<div class=\"wp-block-column is-layout-flow wp-block-column-is-layout-flow\" style=\"flex-basis:33.33%\">\n<figure class=\"wp-block-image size-large\"><img loading=\"lazy\" decoding=\"async\" width=\"1024\" height=\"768\" src=\"https:\/\/www.humanisierte.at\/wp-content\/uploads\/2025\/07\/IMG_6396-scaled-1-1024x768.jpg\" alt=\"Viele Gl&#xE4;ser auf den Kopf gestellt\" class=\"wp-image-2226\" srcset=\"https:\/\/www.humanisierte.at\/wp-content\/uploads\/2025\/07\/IMG_6396-scaled-1-1024x768.jpg 1024w, https:\/\/www.humanisierte.at\/wp-content\/uploads\/2025\/07\/IMG_6396-scaled-1-300x225.jpg 300w, https:\/\/www.humanisierte.at\/wp-content\/uploads\/2025\/07\/IMG_6396-scaled-1-768x576.jpg 768w, https:\/\/www.humanisierte.at\/wp-content\/uploads\/2025\/07\/IMG_6396-scaled-1-1536x1152.jpg 1536w, https:\/\/www.humanisierte.at\/wp-content\/uploads\/2025\/07\/IMG_6396-scaled-1-2048x1536.jpg 2048w\" sizes=\"auto, (max-width: 1024px) 100vw, 1024px\" \/><figcaption class=\"wp-element-caption\">fotografiert von Regina Primus<\/figcaption><\/figure>\n<\/div>\n<\/div>\n<\/div><\/div>\n\n<div class=\"wp-block-columns is-layout-flex wp-container-core-columns-is-layout-9d6595d7 wp-block-columns-is-layout-flex\">\n<div class=\"wp-block-column is-layout-flow wp-block-column-is-layout-flow\" style=\"flex-basis:66.66%\">\n<h2 class=\"wp-block-heading\">Wird es langweilig?<\/h2>\n\n\n\n<p>In der Cafeteria gibt es immer etwas zu tun. Die Teilnehmer und Teilnehmerinnen helfen bei Bedarf woanders aus. <\/p>\n\n\n\n<p><\/p>\n<\/div>\n\n\n\n<div class=\"wp-block-column is-layout-flow wp-block-column-is-layout-flow\" style=\"flex-basis:33.33%\">\n<figure class=\"wp-block-image size-full\"><img loading=\"lazy\" decoding=\"async\" width=\"800\" height=\"533\" src=\"https:\/\/www.humanisierte.at\/wp-content\/uploads\/2025\/07\/IMG_7592-e1572346132576.jpg\" alt=\"Kaffeetasse mit Kaffe gef&#xFC;llt, einem Glas Wasser mit L&#xF6;ffel auf einen silbernen Tablett.  \" class=\"wp-image-2228\" srcset=\"https:\/\/www.humanisierte.at\/wp-content\/uploads\/2025\/07\/IMG_7592-e1572346132576.jpg 800w, https:\/\/www.humanisierte.at\/wp-content\/uploads\/2025\/07\/IMG_7592-e1572346132576-300x200.jpg 300w, https:\/\/www.humanisierte.at\/wp-content\/uploads\/2025\/07\/IMG_7592-e1572346132576-768x512.jpg 768w\" sizes=\"auto, (max-width: 800px) 100vw, 800px\" \/><\/figure>\n<\/div>\n<\/div>\n","protected":false},"excerpt":{"rendered":"<p>\u201eTee w\u00e4rmt das Herz, Kaffee w\u00e4rmt die Seele\u201c In der Cafeteria werden Snacks und Getr\u00e4nke f\u00fcr die Mitarbeiter*innen sowie Teilnehmer*innen des Projekts angeboten. Zu den Aufgaben z\u00e4hlen die Zubereitung von Kaffee- und Teeangebot, von Snacks und S\u00fc\u00dfspeisen, die Bedienung der Kassa und allgemeine Aufgaben wie Ordnung-Halten und Reinigungst\u00e4tigkeiten. Teilnehmer*innen in der Cafeteria haben die M\u00f6glichkeit&hellip;&nbsp;<\/p>\n","protected":false},"author":1,"featured_media":2229,"parent":2254,"menu_order":7,"comment_status":"closed","ping_status":"closed","template":"","meta":{"_acf_changed":false,"neve_meta_sidebar":"","neve_meta_container":"","neve_meta_enable_content_width":"","neve_meta_content_width":0,"neve_meta_title_alignment":"","neve_meta_author_avatar":"","neve_post_elements_order":"","neve_meta_disable_header":"","neve_meta_disable_footer":"","neve_meta_disable_title":"","neve_meta_reading_time":"","slim_seo":{"title":"Weisshuhn Johanna - humanisierte arbeitsst\u00e4tte","description":""},"footnotes":""},"class_list":["post-2268","page","type-page","status-publish","has-post-thumbnail","hentry"],"acf":[],"publishpress_future_action":{"enabled":false,"date":"2026-05-24 01:34:14","action":"change-status","newStatus":"draft","terms":[],"taxonomy":"translation_priority","extraData":[]},"publishpress_future_workflow_manual_trigger":{"enabledWorkflows":[]},"_links":{"self":[{"href":"https:\/\/www.humanisierte.at\/de-ls\/wp-json\/wp\/v2\/pages\/2268","targetHints":{"allow":["GET"]}}],"collection":[{"href":"https:\/\/www.humanisierte.at\/de-ls\/wp-json\/wp\/v2\/pages"}],"about":[{"href":"https:\/\/www.humanisierte.at\/de-ls\/wp-json\/wp\/v2\/types\/page"}],"author":[{"embeddable":true,"href":"https:\/\/www.humanisierte.at\/de-ls\/wp-json\/wp\/v2\/users\/1"}],"replies":[{"embeddable":true,"href":"https:\/\/www.humanisierte.at\/de-ls\/wp-json\/wp\/v2\/comments?post=2268"}],"version-history":[{"count":2,"href":"https:\/\/www.humanisierte.at\/de-ls\/wp-json\/wp\/v2\/pages\/2268\/revisions"}],"predecessor-version":[{"id":3069,"href":"https:\/\/www.humanisierte.at\/de-ls\/wp-json\/wp\/v2\/pages\/2268\/revisions\/3069"}],"up":[{"embeddable":true,"href":"https:\/\/www.humanisierte.at\/de-ls\/wp-json\/wp\/v2\/pages\/2254"}],"wp:featuredmedia":[{"embeddable":true,"href":"https:\/\/www.humanisierte.at\/de-ls\/wp-json\/wp\/v2\/media\/2229"}],"wp:attachment":[{"href":"https:\/\/www.humanisierte.at\/de-ls\/wp-json\/wp\/v2\/media?parent=2268"}],"curies":[{"name":"wp","href":"https:\/\/api.w.org\/{rel}","templated":true}]}}