{"id":2266,"date":"2025-06-23T11:38:02","date_gmt":"2025-06-23T09:38:02","guid":{"rendered":"https:\/\/www.humanisierte.at\/berufsintegration\/arbeitstraining\/kueche\/"},"modified":"2025-07-24T10:15:19","modified_gmt":"2025-07-24T08:15:19","slug":"kueche","status":"publish","type":"page","link":"https:\/\/www.humanisierte.at\/de-ls\/berufsintegration\/arbeitstraining\/kueche\/","title":{"rendered":"K\u00fcche"},"content":{"rendered":"\n<div class=\"wp-block-columns is-layout-flex wp-container-core-columns-is-layout-9d6595d7 wp-block-columns-is-layout-flex\">\n<div class=\"wp-block-column is-layout-flow wp-block-column-is-layout-flow\" style=\"flex-basis:66.66%\">\n<blockquote class=\"wp-block-quote is-layout-flow wp-block-quote-is-layout-flow\">\n<p><strong>In unserer K\u00fcche wird nicht nur gekocht \u2013 hier wird gelacht, gelernt und gelebt<\/strong><\/p>\n<\/blockquote>\n\n\n\n<p>In der K\u00fcche kochen wir jeden Tag ein Mittagessen. Die Zutaten kaufen wir alle frisch. Wir berechnen wie viel wir kaufen m\u00fcssen. Dann gehen wir einkaufen. Das Essen kochen wir gemeinsam. Am Ende putzen wir die K\u00fcche und die K\u00fcchenger\u00e4te. Das Essen soll gesund sein<\/p>\n\n\n\n<figure class=\"wp-block-gallery has-nested-images columns-default is-cropped wp-block-gallery-1 is-layout-flex wp-block-gallery-is-layout-flex\">\n<figure class=\"wp-block-image size-full\"><img loading=\"lazy\" decoding=\"async\" width=\"1920\" height=\"2560\" data-id=\"2047\" src=\"https:\/\/www.humanisierte.at\/wp-content\/uploads\/2025\/07\/20190423_130251-scaled-1.jpg\" alt=\"Beilagensalat\" class=\"wp-image-2047\" srcset=\"https:\/\/www.humanisierte.at\/wp-content\/uploads\/2025\/07\/20190423_130251-scaled-1.jpg 1920w, https:\/\/www.humanisierte.at\/wp-content\/uploads\/2025\/07\/20190423_130251-scaled-1-225x300.jpg 225w, https:\/\/www.humanisierte.at\/wp-content\/uploads\/2025\/07\/20190423_130251-scaled-1-768x1024.jpg 768w, https:\/\/www.humanisierte.at\/wp-content\/uploads\/2025\/07\/20190423_130251-scaled-1-1152x1536.jpg 1152w, https:\/\/www.humanisierte.at\/wp-content\/uploads\/2025\/07\/20190423_130251-scaled-1-1536x2048.jpg 1536w\" sizes=\"auto, (max-width: 1920px) 100vw, 1920px\" \/><\/figure>\n\n\n\n<figure class=\"wp-block-image size-large\"><img loading=\"lazy\" decoding=\"async\" width=\"1024\" height=\"768\" data-id=\"2045\" src=\"https:\/\/www.humanisierte.at\/wp-content\/uploads\/2025\/07\/20190418_150150-scaled-1-1024x768.jpg\" alt=\"S&#xFC;sses Konfekt\" class=\"wp-image-2045\" srcset=\"https:\/\/www.humanisierte.at\/wp-content\/uploads\/2025\/07\/20190418_150150-scaled-1-1024x768.jpg 1024w, https:\/\/www.humanisierte.at\/wp-content\/uploads\/2025\/07\/20190418_150150-scaled-1-300x225.jpg 300w, https:\/\/www.humanisierte.at\/wp-content\/uploads\/2025\/07\/20190418_150150-scaled-1-768x576.jpg 768w, https:\/\/www.humanisierte.at\/wp-content\/uploads\/2025\/07\/20190418_150150-scaled-1-1536x1152.jpg 1536w, https:\/\/www.humanisierte.at\/wp-content\/uploads\/2025\/07\/20190418_150150-scaled-1-2048x1536.jpg 2048w\" sizes=\"auto, (max-width: 1024px) 100vw, 1024px\" \/><\/figure>\n\n\n\n<figure class=\"wp-block-image size-large\"><img loading=\"lazy\" decoding=\"async\" width=\"1024\" height=\"768\" data-id=\"2043\" src=\"https:\/\/www.humanisierte.at\/wp-content\/uploads\/2025\/07\/20181119_125841-scaled-1-1024x768.jpg\" alt=\"Burger mit S&#xFC;&#xDF;kartoffelpommes\" class=\"wp-image-2043\" srcset=\"https:\/\/www.humanisierte.at\/wp-content\/uploads\/2025\/07\/20181119_125841-scaled-1-1024x768.jpg 1024w, https:\/\/www.humanisierte.at\/wp-content\/uploads\/2025\/07\/20181119_125841-scaled-1-300x225.jpg 300w, https:\/\/www.humanisierte.at\/wp-content\/uploads\/2025\/07\/20181119_125841-scaled-1-768x576.jpg 768w, https:\/\/www.humanisierte.at\/wp-content\/uploads\/2025\/07\/20181119_125841-scaled-1-1536x1152.jpg 1536w, https:\/\/www.humanisierte.at\/wp-content\/uploads\/2025\/07\/20181119_125841-scaled-1-2048x1536.jpg 2048w\" sizes=\"auto, (max-width: 1024px) 100vw, 1024px\" \/><\/figure>\n<\/figure>\n<\/div>\n\n\n\n<div class=\"wp-block-column is-layout-flow wp-block-column-is-layout-flow\" style=\"flex-basis:33.33%\"><div class=\"team-wrapper\">            <div class=\"team-member\">\n                                <ul class=\"team-gallery\" role=\"region\" aria-label=\"Bildergalerie von Mag.a Johanna Weisshuhn\">\n                                                <li class=\"team-member-image\">\n                              <img decoding=\"async\"\n                                  src=\"https:\/\/www.humanisierte.at\/wp-content\/uploads\/2025\/07\/Johanna_04-300x270.jpg\"\n                                  alt=\"Johanna Weisshuhn\"\n                                                                        aria-label=\"Johanna_04\"\n                                                                >\n                          <\/li>\n                                                <li class=\"team-member-image\">\n                              <img decoding=\"async\"\n                                  src=\"https:\/\/www.humanisierte.at\/wp-content\/uploads\/2025\/07\/Johanna_05-300x270.jpg\"\n                                  alt=\"Johanna Weisshuhn\"\n                                                                        aria-label=\"Johanna_05\"\n                                                                >\n                          <\/li>\n                                                <li class=\"team-member-image\">\n                              <img decoding=\"async\"\n                                  src=\"https:\/\/www.humanisierte.at\/wp-content\/uploads\/2025\/07\/Johanna_03-300x270.jpg\"\n                                  alt=\"Johanna Weisshuhn\"\n                                                                        aria-label=\"Johanna_03\"\n                                                                >\n                          <\/li>\n                                                <li class=\"team-member-image\">\n                              <img decoding=\"async\"\n                                  src=\"https:\/\/www.humanisierte.at\/wp-content\/uploads\/2025\/07\/Johanna_02-300x270.jpg\"\n                                  alt=\"Johanna Weisshuhn\"\n                                                                        aria-label=\"Johanna_02\"\n                                                                >\n                          <\/li>\n                                                <li class=\"team-member-image\">\n                              <img decoding=\"async\"\n                                  src=\"https:\/\/www.humanisierte.at\/wp-content\/uploads\/2025\/07\/Johanna_01-300x270.jpg\"\n                                  alt=\"Johanna Weisshuhn\"\n                                                                        aria-label=\"Johanna_01\"\n                                                                >\n                          <\/li>\n                                        <\/ul>\n                \n                                    <h3>Mag.a Johanna Weisshuhn<\/h3>\n                \n                                    <p class=\"team-job\">Leitung  Galerie &amp; Vertrieb<\/p>\n                \n                \n                                    <p class=\"team-projekt\">Projekt unik.at<\/p>\n                \n                                    <p class=\"team-adresse\">Josefst\u00e4dterstra\u00dfe 40, 1080 Wien<\/p>\n                \n                                    <p class=\"team-telefonnummer\">\n                        <a href=\"tel:01-4086613\">\n                            01-4086613                        <\/a>\n                    <\/p>\n                \n                \n                                    <p class=\"team-email\">\n                        <a href=\"mailto:&#106;&#111;han&#110;a&#46;we&#105;&#115;&#115;h&#117;&#104;n&#64;&#117;n&#105;&#107;.a&#116;\">\n                            &#106;&#111;&#104;&#97;&#110;n&#97;&#46;w&#101;&#105;&#115;&#115;h&#117;h&#110;&#64;&#117;&#110;&#105;k&#46;at                        <\/a>\n                    <\/p>\n                \n                                    <p class=\"team-link\">\n                        <a href=\"https:\/\/www.humanisierte.at\/verein\/galerie-unik-at\/\">\n                            Galerie \u2013 unik.at                        <\/a>\n                    <\/p>\n                \n                \n                \n            <\/div>\n            <\/div>\n<\/div>\n<\/div>\n\n<div class=\"wp-block-cover alignfull has-neve-text-color-color has-text-color has-link-color wp-elements-748df57a0c543d7dd9b2de4bed299788\"><span aria-hidden=\"true\" class=\"wp-block-cover__background has-nv-light-bg-background-color has-background-dim-100 has-background-dim\"><\/span><div class=\"wp-block-cover__inner-container is-layout-constrained wp-block-cover-is-layout-constrained\">\n<div class=\"wp-block-columns has-nv-light-bg-background-color has-background is-layout-flex wp-container-core-columns-is-layout-9d6595d7 wp-block-columns-is-layout-flex\">\n<div class=\"wp-block-column is-layout-flow wp-block-column-is-layout-flow\" style=\"flex-basis:66.66%\">\n<h2 class=\"wp-block-heading\">Und was kann ich hier lernen?<\/h2>\n\n\n\n<p>Vieles! Vieles! Du kannst lernen wie man f\u00fcr viele Leute Essen kocht. Du kannst Hygiene-Regeln lernen. Und du kannst lernen wie man K\u00fcchenger\u00e4te benutzt.<\/p>\n\n\n\n<h2 class=\"wp-block-heading\">Das braucht man alles f\u00fcr einen Job?<\/h2>\n\n\n\n<p>Du lernst Dinge, die du in jedem Job brauchst. Du lernst Arbeitsabl\u00e4ufe gut zu planen. Du lernst arbeiten im Team.<\/p>\n<\/div>\n\n\n\n<div class=\"wp-block-column is-layout-flow wp-block-column-is-layout-flow\" style=\"flex-basis:33.33%\">\n<figure class=\"wp-block-image size-full\"><img loading=\"lazy\" decoding=\"async\" width=\"2560\" height=\"1920\" src=\"https:\/\/www.humanisierte.at\/wp-content\/uploads\/2025\/07\/Lachsquiche2-scaled.jpg\" alt=\"Lachsquiche\" class=\"wp-image-2197\" srcset=\"https:\/\/www.humanisierte.at\/wp-content\/uploads\/2025\/07\/Lachsquiche2-scaled.jpg 2560w, https:\/\/www.humanisierte.at\/wp-content\/uploads\/2025\/07\/Lachsquiche2-300x225.jpg 300w, https:\/\/www.humanisierte.at\/wp-content\/uploads\/2025\/07\/Lachsquiche2-1024x768.jpg 1024w, https:\/\/www.humanisierte.at\/wp-content\/uploads\/2025\/07\/Lachsquiche2-768x576.jpg 768w, https:\/\/www.humanisierte.at\/wp-content\/uploads\/2025\/07\/Lachsquiche2-1536x1152.jpg 1536w, https:\/\/www.humanisierte.at\/wp-content\/uploads\/2025\/07\/Lachsquiche2-2048x1536.jpg 2048w\" sizes=\"auto, (max-width: 2560px) 100vw, 2560px\" \/><\/figure>\n<\/div>\n<\/div>\n<\/div><\/div>\n\n<div class=\"wp-block-columns is-layout-flex wp-container-core-columns-is-layout-9d6595d7 wp-block-columns-is-layout-flex\">\n<div class=\"wp-block-column is-layout-flow wp-block-column-is-layout-flow\" style=\"flex-basis:66.66%\">\n<h2 class=\"wp-block-heading\">Was davon ist wichtig?<\/h2>\n\n\n\n<p>Kochen und gesunde Ern\u00e4hrung sind gut f\u00fcr uns. Dadurch geht es uns besser und wir sind gut vorbereitet.<\/p>\n<\/div>\n\n\n\n<div class=\"wp-block-column is-layout-flow wp-block-column-is-layout-flow\" style=\"flex-basis:33.33%\">\n<figure class=\"wp-block-image size-full\"><img loading=\"lazy\" decoding=\"async\" width=\"1920\" height=\"2560\" src=\"https:\/\/www.humanisierte.at\/wp-content\/uploads\/2025\/07\/Cakepops-scaled.jpg\" alt=\"Cakepops\" class=\"wp-image-2195\" srcset=\"https:\/\/www.humanisierte.at\/wp-content\/uploads\/2025\/07\/Cakepops-scaled.jpg 1920w, https:\/\/www.humanisierte.at\/wp-content\/uploads\/2025\/07\/Cakepops-225x300.jpg 225w, https:\/\/www.humanisierte.at\/wp-content\/uploads\/2025\/07\/Cakepops-768x1024.jpg 768w, https:\/\/www.humanisierte.at\/wp-content\/uploads\/2025\/07\/Cakepops-1152x1536.jpg 1152w, https:\/\/www.humanisierte.at\/wp-content\/uploads\/2025\/07\/Cakepops-1536x2048.jpg 1536w\" sizes=\"auto, (max-width: 1920px) 100vw, 1920px\" \/><\/figure>\n<\/div>\n<\/div>\n","protected":false},"excerpt":{"rendered":"<p>In unserer K\u00fcche wird nicht nur gekocht \u2013 hier wird gelacht, gelernt und gelebt In der K\u00fcche kochen wir jeden Tag ein Mittagessen. Die Zutaten kaufen wir alle frisch. Wir berechnen wie viel wir kaufen m\u00fcssen. Dann gehen wir einkaufen. Das Essen kochen wir gemeinsam. Am Ende putzen wir die K\u00fcche und die K\u00fcchenger\u00e4te. Das&hellip;&nbsp;<\/p>\n","protected":false},"author":1,"featured_media":2048,"parent":2254,"menu_order":6,"comment_status":"closed","ping_status":"closed","template":"","meta":{"_acf_changed":false,"neve_meta_sidebar":"","neve_meta_container":"","neve_meta_enable_content_width":"","neve_meta_content_width":0,"neve_meta_title_alignment":"","neve_meta_author_avatar":"","neve_post_elements_order":"","neve_meta_disable_header":"","neve_meta_disable_footer":"","neve_meta_disable_title":"","neve_meta_reading_time":"","slim_seo":{"title":"Weisshuhn Johanna - humanisierte arbeitsst\u00e4tte","description":""},"footnotes":""},"class_list":["post-2266","page","type-page","status-publish","has-post-thumbnail","hentry"],"acf":[],"publishpress_future_action":{"enabled":false,"date":"2026-05-24 01:34:49","action":"change-status","newStatus":"draft","terms":[],"taxonomy":"translation_priority","extraData":[]},"publishpress_future_workflow_manual_trigger":{"enabledWorkflows":[]},"_links":{"self":[{"href":"https:\/\/www.humanisierte.at\/de-ls\/wp-json\/wp\/v2\/pages\/2266","targetHints":{"allow":["GET"]}}],"collection":[{"href":"https:\/\/www.humanisierte.at\/de-ls\/wp-json\/wp\/v2\/pages"}],"about":[{"href":"https:\/\/www.humanisierte.at\/de-ls\/wp-json\/wp\/v2\/types\/page"}],"author":[{"embeddable":true,"href":"https:\/\/www.humanisierte.at\/de-ls\/wp-json\/wp\/v2\/users\/1"}],"replies":[{"embeddable":true,"href":"https:\/\/www.humanisierte.at\/de-ls\/wp-json\/wp\/v2\/comments?post=2266"}],"version-history":[{"count":4,"href":"https:\/\/www.humanisierte.at\/de-ls\/wp-json\/wp\/v2\/pages\/2266\/revisions"}],"predecessor-version":[{"id":3145,"href":"https:\/\/www.humanisierte.at\/de-ls\/wp-json\/wp\/v2\/pages\/2266\/revisions\/3145"}],"up":[{"embeddable":true,"href":"https:\/\/www.humanisierte.at\/de-ls\/wp-json\/wp\/v2\/pages\/2254"}],"wp:featuredmedia":[{"embeddable":true,"href":"https:\/\/www.humanisierte.at\/de-ls\/wp-json\/wp\/v2\/media\/2048"}],"wp:attachment":[{"href":"https:\/\/www.humanisierte.at\/de-ls\/wp-json\/wp\/v2\/media?parent=2266"}],"curies":[{"name":"wp","href":"https:\/\/api.w.org\/{rel}","templated":true}]}}