{"id":2261,"date":"2025-06-23T11:38:33","date_gmt":"2025-06-23T09:38:33","guid":{"rendered":"https:\/\/www.humanisierte.at\/berufsintegration\/arbeitstraining\/reinigung\/"},"modified":"2025-07-24T10:11:37","modified_gmt":"2025-07-24T08:11:37","slug":"reinigung","status":"publish","type":"page","link":"https:\/\/www.humanisierte.at\/de-ls\/berufsintegration\/arbeitstraining\/reinigung\/","title":{"rendered":"Reinigung"},"content":{"rendered":"\n<div class=\"wp-block-group is-nowrap is-layout-flex wp-container-core-group-is-layout-ad2f72ca wp-block-group-is-layout-flex\">\n<div class=\"wp-block-columns is-layout-flex wp-container-core-columns-is-layout-9d6595d7 wp-block-columns-is-layout-flex\">\n<div class=\"wp-block-column is-layout-flow wp-block-column-is-layout-flow\" style=\"flex-basis:66.66%\">\n<blockquote class=\"wp-block-quote is-layout-flow wp-block-quote-is-layout-flow\">\n<p><strong><strong>\u201eOrdnung beginnt im Kopf\u201c<\/strong><\/strong><\/p>\n\n\n\n<p><\/p>\n<\/blockquote>\n\n\n\n<p>Die Reinigung k\u00fcmmert sich um die Sauberkeit der R\u00e4umlichkeiten am Standort in der Lange Gasse und an unseren Au\u00dfenstellen wie der Galerie unik.at. Zu den Aufgaben z\u00e4hlen die Reinigung der B\u00fcror\u00e4ume, der Toiletten und der Cafeteria sowie die Pflege der Zimmerpflanzen als auch die fachgerechte Entsorgung der anfallenden Abf\u00e4lle. Hygienevorschriften, Desinfektion, der richtige Umgang mit Reinigungsmitteln und korrekte M\u00fclltrennung k\u00f6nnen in der Reinigung gelernt werden.  <\/p>\n\n\n\n<figure class=\"wp-block-gallery has-nested-images columns-default is-cropped wp-block-gallery-1 is-layout-flex wp-block-gallery-is-layout-flex\">\n<figure class=\"wp-block-image size-full\"><img loading=\"lazy\" decoding=\"async\" width=\"1971\" height=\"2560\" data-id=\"1629\" src=\"https:\/\/www.humanisierte.at\/wp-content\/uploads\/2025\/07\/P1010099-scaled.jpg\" alt=\"Viele Porzellanartikel sind sortiert im Regal eingelagert\" class=\"wp-image-1629\" srcset=\"https:\/\/www.humanisierte.at\/wp-content\/uploads\/2025\/07\/P1010099-scaled.jpg 1971w, https:\/\/www.humanisierte.at\/wp-content\/uploads\/2025\/07\/P1010099-231x300.jpg 231w, https:\/\/www.humanisierte.at\/wp-content\/uploads\/2025\/07\/P1010099-788x1024.jpg 788w, https:\/\/www.humanisierte.at\/wp-content\/uploads\/2025\/07\/P1010099-768x998.jpg 768w, https:\/\/www.humanisierte.at\/wp-content\/uploads\/2025\/07\/P1010099-1182x1536.jpg 1182w, https:\/\/www.humanisierte.at\/wp-content\/uploads\/2025\/07\/P1010099-1577x2048.jpg 1577w\" sizes=\"auto, (max-width: 1971px) 100vw, 1971px\" \/><\/figure>\n\n\n\n<figure class=\"wp-block-image size-large\"><img loading=\"lazy\" decoding=\"async\" width=\"1024\" height=\"797\" data-id=\"1627\" src=\"https:\/\/www.humanisierte.at\/wp-content\/uploads\/2025\/07\/P1010098-1024x797.jpg\" alt=\"H&#xE4;nde verpacken einen Porzellanartikel, schon verpackte Teile liegen in einer Transportbox\" class=\"wp-image-1627\" srcset=\"https:\/\/www.humanisierte.at\/wp-content\/uploads\/2025\/07\/P1010098-1024x797.jpg 1024w, https:\/\/www.humanisierte.at\/wp-content\/uploads\/2025\/07\/P1010098-300x234.jpg 300w, https:\/\/www.humanisierte.at\/wp-content\/uploads\/2025\/07\/P1010098-768x598.jpg 768w, https:\/\/www.humanisierte.at\/wp-content\/uploads\/2025\/07\/P1010098-1536x1196.jpg 1536w, https:\/\/www.humanisierte.at\/wp-content\/uploads\/2025\/07\/P1010098.jpg 2000w\" sizes=\"auto, (max-width: 1024px) 100vw, 1024px\" \/><\/figure>\n\n\n\n<figure class=\"wp-block-image size-large\"><img loading=\"lazy\" decoding=\"async\" width=\"698\" height=\"1024\" data-id=\"1631\" src=\"https:\/\/www.humanisierte.at\/wp-content\/uploads\/2025\/07\/P1010101-698x1024.jpg\" alt=\"Viele Holzprodukte sind in einem Regal eingelagert\" class=\"wp-image-1631\" srcset=\"https:\/\/www.humanisierte.at\/wp-content\/uploads\/2025\/07\/P1010101-698x1024.jpg 698w, https:\/\/www.humanisierte.at\/wp-content\/uploads\/2025\/07\/P1010101-205x300.jpg 205w, https:\/\/www.humanisierte.at\/wp-content\/uploads\/2025\/07\/P1010101-768x1127.jpg 768w, https:\/\/www.humanisierte.at\/wp-content\/uploads\/2025\/07\/P1010101-1047x1536.jpg 1047w, https:\/\/www.humanisierte.at\/wp-content\/uploads\/2025\/07\/P1010101-1396x2048.jpg 1396w, https:\/\/www.humanisierte.at\/wp-content\/uploads\/2025\/07\/P1010101-scaled.jpg 1745w\" sizes=\"auto, (max-width: 698px) 100vw, 698px\" \/><\/figure>\n<\/figure>\n<\/div>\n\n\n\n<div class=\"wp-block-column is-layout-flow wp-block-column-is-layout-flow\" style=\"flex-basis:33.33%\"><div class=\"team-wrapper\">            <div class=\"team-member\">\n                                <ul class=\"team-gallery\" role=\"region\" aria-label=\"Bildergalerie von Mag.a Johanna Weisshuhn\">\n                                                <li class=\"team-member-image\">\n                              <img decoding=\"async\"\n                                  src=\"https:\/\/www.humanisierte.at\/wp-content\/uploads\/2025\/07\/Johanna_04-300x270.jpg\"\n                                  alt=\"Johanna Weisshuhn\"\n                                                                        aria-label=\"Johanna_04\"\n                                                                >\n                          <\/li>\n                                                <li class=\"team-member-image\">\n                              <img decoding=\"async\"\n                                  src=\"https:\/\/www.humanisierte.at\/wp-content\/uploads\/2025\/07\/Johanna_05-300x270.jpg\"\n                                  alt=\"Johanna Weisshuhn\"\n                                                                        aria-label=\"Johanna_05\"\n                                                                >\n                          <\/li>\n                                                <li class=\"team-member-image\">\n                              <img decoding=\"async\"\n                                  src=\"https:\/\/www.humanisierte.at\/wp-content\/uploads\/2025\/07\/Johanna_03-300x270.jpg\"\n                                  alt=\"Johanna Weisshuhn\"\n                                                                        aria-label=\"Johanna_03\"\n                                                                >\n                          <\/li>\n                                                <li class=\"team-member-image\">\n                              <img decoding=\"async\"\n                                  src=\"https:\/\/www.humanisierte.at\/wp-content\/uploads\/2025\/07\/Johanna_02-300x270.jpg\"\n                                  alt=\"Johanna Weisshuhn\"\n                                                                        aria-label=\"Johanna_02\"\n                                                                >\n                          <\/li>\n                                                <li class=\"team-member-image\">\n                              <img decoding=\"async\"\n                                  src=\"https:\/\/www.humanisierte.at\/wp-content\/uploads\/2025\/07\/Johanna_01-300x270.jpg\"\n                                  alt=\"Johanna Weisshuhn\"\n                                                                        aria-label=\"Johanna_01\"\n                                                                >\n                          <\/li>\n                                        <\/ul>\n                \n                                    <h3>Mag.a Johanna Weisshuhn<\/h3>\n                \n                                    <p class=\"team-job\">Leitung  Galerie &amp; Vertrieb<\/p>\n                \n                \n                                    <p class=\"team-projekt\">Projekt unik.at<\/p>\n                \n                                    <p class=\"team-adresse\">Josefst\u00e4dterstra\u00dfe 40, 1080 Wien<\/p>\n                \n                                    <p class=\"team-telefonnummer\">\n                        <a href=\"tel:01-4086613\">\n                            01-4086613                        <\/a>\n                    <\/p>\n                \n                \n                                    <p class=\"team-email\">\n                        <a href=\"mailto:&#106;&#111;h&#97;&#110;&#110;&#97;.&#119;&#101;i&#115;s&#104;u&#104;n&#64;&#117;nik.at\">\n                            j&#111;&#104;&#97;&#110;&#110;a&#46;&#119;&#101;&#105;s&#115;hu&#104;&#110;&#64;u&#110;ik&#46;&#97;&#116;                        <\/a>\n                    <\/p>\n                \n                                    <p class=\"team-link\">\n                        <a href=\"https:\/\/www.humanisierte.at\/verein\/galerie-unik-at\/\">\n                            Galerie \u2013 unik.at                        <\/a>\n                    <\/p>\n                \n                \n                \n            <\/div>\n            <\/div>\n<\/div>\n<\/div>\n\n\n\n<p><\/p>\n<\/div>\n\n<div class=\"wp-block-cover alignfull has-neve-text-color-color has-text-color has-link-color wp-elements-eb6db371c4993bbdbd2a8645ad337c3d\"><span aria-hidden=\"true\" class=\"wp-block-cover__background has-nv-light-bg-background-color has-background-dim-100 has-background-dim\"><\/span><div class=\"wp-block-cover__inner-container is-layout-constrained wp-block-cover-is-layout-constrained\">\n<div class=\"wp-block-columns has-nv-light-bg-background-color has-background is-layout-flex wp-container-core-columns-is-layout-9d6595d7 wp-block-columns-is-layout-flex\">\n<div class=\"wp-block-column is-layout-flow wp-block-column-is-layout-flow\" style=\"flex-basis:66.66%\">\n<h2 class=\"wp-block-heading\">Was kann ich da lernen?<\/h2>\n\n\n\n<p>Du kannst nicht nur putzen lernen. Du lernst auch Ordnung zuhalten und die richtigen Putzmittel zu verwenden. M\u00fclltrennung ist oft auch nicht ganz einfach. Du kannst das bei uns \u00fcben.<\/p>\n\n\n\n<h2 class=\"wp-block-heading\">Wer hilft mir?<\/h2>\n\n\n\n<p>Du bekommst eine genaue Anleitung. Du arbeitest mit anderen zusammen, die sich schon auskennen.<\/p>\n<\/div>\n\n\n\n<div class=\"wp-block-column is-layout-flow wp-block-column-is-layout-flow\" style=\"flex-basis:33.33%\">\n<figure class=\"wp-block-image size-full\"><img decoding=\"async\" src=\"https:\/\/www.humanisierte.at\/wp-content\/uploads\/2025\/07\/Aufwischen1-scaled.jpg\" alt=\"Bodenreinigung mit einem Wischmopp\" class=\"wp-image-2584\"\/><\/figure>\n<\/div>\n<\/div>\n<\/div><\/div>\n\n<div class=\"wp-block-columns is-layout-flex wp-container-core-columns-is-layout-9d6595d7 wp-block-columns-is-layout-flex\">\n<div class=\"wp-block-column is-layout-flow wp-block-column-is-layout-flow\" style=\"flex-basis:66.66%\">\n<h2 class=\"wp-block-heading\">Wozu soll ich putzen?<\/h2>\n\n\n\n<p>Du kannst in der Reinigung lernen wie du Sachen am besten selbst machst. Du lernst auch alleine zu arbeiten und mit anderen zusammenzuarbeiten.<\/p>\n<\/div>\n\n\n\n<div class=\"wp-block-column is-layout-flow wp-block-column-is-layout-flow\" style=\"flex-basis:33.33%\">\n<figure class=\"wp-block-image size-full\"><img loading=\"lazy\" decoding=\"async\" width=\"800\" height=\"800\" src=\"https:\/\/www.humanisierte.at\/wp-content\/uploads\/2025\/07\/006_Aufstrichmesser_02.jpg\" alt=\"Aufstrichmesser aus Holz \" class=\"wp-image-2150\" srcset=\"https:\/\/www.humanisierte.at\/wp-content\/uploads\/2025\/07\/006_Aufstrichmesser_02.jpg 800w, https:\/\/www.humanisierte.at\/wp-content\/uploads\/2025\/07\/006_Aufstrichmesser_02-300x300.jpg 300w, https:\/\/www.humanisierte.at\/wp-content\/uploads\/2025\/07\/006_Aufstrichmesser_02-150x150.jpg 150w, https:\/\/www.humanisierte.at\/wp-content\/uploads\/2025\/07\/006_Aufstrichmesser_02-768x768.jpg 768w\" sizes=\"auto, (max-width: 800px) 100vw, 800px\" \/><\/figure>\n<\/div>\n<\/div>\n\n<p><\/p>\n","protected":false},"excerpt":{"rendered":"<p>\u201eOrdnung beginnt im Kopf\u201c Die Reinigung k\u00fcmmert sich um die Sauberkeit der R\u00e4umlichkeiten am Standort in der Lange Gasse und an unseren Au\u00dfenstellen wie der Galerie unik.at. Zu den Aufgaben z\u00e4hlen die Reinigung der B\u00fcror\u00e4ume, der Toiletten und der Cafeteria sowie die Pflege der Zimmerpflanzen als auch die fachgerechte Entsorgung der anfallenden Abf\u00e4lle. Hygienevorschriften, Desinfektion,&hellip;&nbsp;<\/p>\n","protected":false},"author":1,"featured_media":2585,"parent":2254,"menu_order":2,"comment_status":"closed","ping_status":"closed","template":"","meta":{"_acf_changed":false,"neve_meta_sidebar":"","neve_meta_container":"","neve_meta_enable_content_width":"","neve_meta_content_width":0,"neve_meta_title_alignment":"","neve_meta_author_avatar":"","neve_post_elements_order":"","neve_meta_disable_header":"","neve_meta_disable_footer":"","neve_meta_disable_title":"","neve_meta_reading_time":"","slim_seo":{"title":"Weisshuhn Johanna - humanisierte arbeitsst\u00e4tte","description":""},"footnotes":""},"class_list":["post-2261","page","type-page","status-publish","has-post-thumbnail","hentry"],"acf":[],"publishpress_future_action":{"enabled":false,"date":"2026-05-24 01:38:00","action":"change-status","newStatus":"draft","terms":[],"taxonomy":"translation_priority","extraData":[]},"publishpress_future_workflow_manual_trigger":{"enabledWorkflows":[]},"_links":{"self":[{"href":"https:\/\/www.humanisierte.at\/de-ls\/wp-json\/wp\/v2\/pages\/2261","targetHints":{"allow":["GET"]}}],"collection":[{"href":"https:\/\/www.humanisierte.at\/de-ls\/wp-json\/wp\/v2\/pages"}],"about":[{"href":"https:\/\/www.humanisierte.at\/de-ls\/wp-json\/wp\/v2\/types\/page"}],"author":[{"embeddable":true,"href":"https:\/\/www.humanisierte.at\/de-ls\/wp-json\/wp\/v2\/users\/1"}],"replies":[{"embeddable":true,"href":"https:\/\/www.humanisierte.at\/de-ls\/wp-json\/wp\/v2\/comments?post=2261"}],"version-history":[{"count":5,"href":"https:\/\/www.humanisierte.at\/de-ls\/wp-json\/wp\/v2\/pages\/2261\/revisions"}],"predecessor-version":[{"id":3137,"href":"https:\/\/www.humanisierte.at\/de-ls\/wp-json\/wp\/v2\/pages\/2261\/revisions\/3137"}],"up":[{"embeddable":true,"href":"https:\/\/www.humanisierte.at\/de-ls\/wp-json\/wp\/v2\/pages\/2254"}],"wp:featuredmedia":[{"embeddable":true,"href":"https:\/\/www.humanisierte.at\/de-ls\/wp-json\/wp\/v2\/media\/2585"}],"wp:attachment":[{"href":"https:\/\/www.humanisierte.at\/de-ls\/wp-json\/wp\/v2\/media?parent=2261"}],"curies":[{"name":"wp","href":"https:\/\/api.w.org\/{rel}","templated":true}]}}