{"id":2239,"date":"2025-06-23T11:38:49","date_gmt":"2025-06-23T09:38:49","guid":{"rendered":"https:\/\/www.humanisierte.at\/saftbar-mentorix\/"},"modified":"2025-07-23T22:40:16","modified_gmt":"2025-07-23T20:40:16","slug":"saftbar-mentorix","status":"publish","type":"page","link":"https:\/\/www.humanisierte.at\/de-ls\/verein\/saftbar-mentorix\/","title":{"rendered":"Saftbar &#8211; Mentorix"},"content":{"rendered":"\n<div class=\"wp-block-columns is-layout-flex wp-container-core-columns-is-layout-9d6595d7 wp-block-columns-is-layout-flex\">\n<div class=\"wp-block-column is-layout-flow wp-block-column-is-layout-flow\" style=\"flex-basis:33.33%\">\n<figure class=\"wp-block-image size-full is-resized\"><img loading=\"lazy\" decoding=\"async\" width=\"827\" height=\"756\" src=\"https:\/\/www.humanisierte.at\/wp-content\/uploads\/2025\/07\/mentorix_saftbar_Mittel.jpg\" alt=\"Logo Saftbar Mentorix\" class=\"wp-image-2534\" style=\"width:250px\" srcset=\"https:\/\/www.humanisierte.at\/wp-content\/uploads\/2025\/07\/mentorix_saftbar_Mittel.jpg 827w, https:\/\/www.humanisierte.at\/wp-content\/uploads\/2025\/07\/mentorix_saftbar_Mittel-300x274.jpg 300w, https:\/\/www.humanisierte.at\/wp-content\/uploads\/2025\/07\/mentorix_saftbar_Mittel-768x702.jpg 768w\" sizes=\"auto, (max-width: 827px) 100vw, 827px\" \/><\/figure>\n\n\n\n<p><strong><strong>Mach eine kurze Pause \u2013 Willkommen in der Saftbar<\/strong><\/strong><\/p>\n\n\n\n<p>Es gibt frische und gute Speisen und Getr\u00e4nke in der Saftbar.<br\/>Die Preise sind fair.  <\/p>\n\n\n\n<p>Sorgf\u00e4ltig zubereitet von unseren Teilnehmerinnen und Teilnehmern.<\/p>\n\n\n\n<p>Unser Angebot ist gut f\u00fcr eine Pause oder wenn man unterwegs ist. Wir bieten gesunde kleine Speisen aus guten Zutaten. Alles ist frisch, selbstgemacht und nachhaltig.<\/p>\n\n\n\n<p><strong>Genu\u00df Sinn<\/strong> Mentorix Saftbar 1080 Wien, Josefst\u00e4dterstra\u00dfe 40<\/p>\n\n\n\n<p><strong>\u00d6ffnungszeiten<\/strong> Mo. \u2013 Fr. 09:00 \u2013 18:00  <\/p>\n<\/div>\n\n\n\n<div class=\"wp-block-column is-layout-flow wp-block-column-is-layout-flow\" style=\"flex-basis:66.67%\">\n<\/div>\n<\/div>\n\n<div class=\"wp-block-buttons is-layout-flex wp-block-buttons-is-layout-flex\">\n<div class=\"wp-block-button\"><a class=\"wp-block-button__link wp-element-button\" href=\"https:\/\/www.instagram.com\/saftbarprojektmentorix\/\" target=\"_blank\" rel=\"noreferrer noopener\">Saftbar auf Instagram<\/a><\/div>\n<\/div>\n\n<div class=\"wp-block-columns is-layout-flex wp-container-core-columns-is-layout-9d6595d7 wp-block-columns-is-layout-flex\">\n<div class=\"wp-block-column is-layout-flow wp-block-column-is-layout-flow\">\n<h2 class=\"wp-block-heading\">Unser Angebot f\u00fcr Dich<\/h2>\n\n\n\n<ul class=\"wp-block-list\">\n<li><strong>Frischgepresste S\u00e4fte, Smoothies &amp; Frapp\u00e9s<\/strong> \u2013 voller Vitamine und Geschmack<\/li>\n\n\n\n<li><strong>Hausgemachte Waffeln &amp; Kuchen<\/strong> und Quiches\u2013 nach saisonalen Rezepten, t\u00e4glich frisch<\/li>\n\n\n\n<li><strong>Knusprige Apfelchips, Suppenw\u00fcrze, Marmeladen &amp; saisonale Snacks<\/strong> \u2013 ideal f\u00fcr den kleinen Hunger<\/li>\n<\/ul>\n\n\n\n<p>Wir setzen auf regionale Bioqualit\u00e4t:<br\/>Unsere Fruchtspezialit\u00e4ten entstehen aus steirischen <strong>Bio-Topaz-\u00c4pfeln<\/strong>, sonnengereiften <strong>Bioorangen<\/strong> und frischem <strong>Biogem\u00fcse aus dem Marchfeld<\/strong> \u2013 alles mit Liebe verarbeitet.<\/p>\n\n\n\n<p><strong>F\u00fcr Firmenkund*innen bieten wir au\u00dferdem:<\/strong><br\/>Kostenfreie Lieferung frei Haus \u2013 ganz ohne Zustellgeb\u00fchren.<br\/>Einfach anfragen und genie\u00dfen lassen! Alle Produkte die wir verwenden orientieren sich nach Saison. <\/p>\n<\/div>\n<\/div>\n\n<div class=\"wp-block-columns is-layout-flex wp-container-core-columns-is-layout-9d6595d7 wp-block-columns-is-layout-flex\">\n<div class=\"wp-block-column is-layout-flow wp-block-column-is-layout-flow\" style=\"flex-basis:100%\">\n<h2 class=\"wp-block-heading\">Wer bereitet die S\u00e4fte f\u00fcr dich zu?<\/h2>\n\n\n\n<blockquote class=\"wp-block-quote is-layout-flow wp-block-quote-is-layout-flow\">\n<p><strong>&#8220;Der einzige Weg, gro\u00dfartige Arbeit zu leisten, ist, das zu lieben, was man tut (Steve Jobs)<\/strong>&#8220;<\/p>\n<\/blockquote>\n\n\n\n<p>In der Saftbar \u00fcben Menschen mit Hilfe von Trainer und Trainerinnen.<br\/>Sie machen Getr\u00e4nke und kleine Speisen.<br\/>Zum Beispiel gibt es frisch gepresste S\u00e4fte, Waffeln oder Kuchen. <br\/>Der Verkaufsraum ist sch\u00f6n hergerichtet.<br\/>So f\u00fchlen sich die Kunden und Kundinnen gut.<br\/>Wir haben auch Lehrlinge.  <\/p>\n\n\n\n<figure class=\"wp-block-gallery has-nested-images columns-4 is-cropped wp-block-gallery-1 is-layout-flex wp-block-gallery-is-layout-flex\">\n<figure class=\"wp-block-image size-full\"><img loading=\"lazy\" decoding=\"async\" width=\"800\" height=\"536\" data-id=\"2224\" src=\"https:\/\/www.humanisierte.at\/wp-content\/uploads\/2025\/07\/IMG_6051-e1550750255222.jpg\" alt=\"Saftbar Mentorix\" class=\"wp-image-2224\" srcset=\"https:\/\/www.humanisierte.at\/wp-content\/uploads\/2025\/07\/IMG_6051-e1550750255222.jpg 800w, https:\/\/www.humanisierte.at\/wp-content\/uploads\/2025\/07\/IMG_6051-e1550750255222-300x201.jpg 300w, https:\/\/www.humanisierte.at\/wp-content\/uploads\/2025\/07\/IMG_6051-e1550750255222-768x515.jpg 768w\" sizes=\"auto, (max-width: 800px) 100vw, 800px\" \/><\/figure>\n\n\n\n<figure class=\"wp-block-image size-full\"><img loading=\"lazy\" decoding=\"async\" width=\"350\" height=\"350\" data-id=\"1262\" src=\"https:\/\/www.humanisierte.at\/wp-content\/uploads\/2025\/06\/Saftbar-350x350-1.jpg\" alt=\"Ein Glas mit Mentorix - Saft gef&#xFC;llt\" class=\"wp-image-1262\" srcset=\"https:\/\/www.humanisierte.at\/wp-content\/uploads\/2025\/06\/Saftbar-350x350-1.jpg 350w, https:\/\/www.humanisierte.at\/wp-content\/uploads\/2025\/06\/Saftbar-350x350-1-300x300.jpg 300w, https:\/\/www.humanisierte.at\/wp-content\/uploads\/2025\/06\/Saftbar-350x350-1-150x150.jpg 150w\" sizes=\"auto, (max-width: 350px) 100vw, 350px\" \/><\/figure>\n\n\n\n<figure class=\"wp-block-image size-full\"><img loading=\"lazy\" decoding=\"async\" width=\"605\" height=\"553\" data-id=\"2222\" src=\"https:\/\/www.humanisierte.at\/wp-content\/uploads\/2025\/07\/Saftbarlogo2020.jpg\" alt=\"Saftbar Mentorix Logo\" class=\"wp-image-2222\" srcset=\"https:\/\/www.humanisierte.at\/wp-content\/uploads\/2025\/07\/Saftbarlogo2020.jpg 605w, https:\/\/www.humanisierte.at\/wp-content\/uploads\/2025\/07\/Saftbarlogo2020-300x274.jpg 300w\" sizes=\"auto, (max-width: 605px) 100vw, 605px\" \/><\/figure>\n<\/figure>\n<\/div>\n<\/div>\n\n<div class=\"wp-block-cover alignfull has-neve-text-color-color has-text-color has-link-color wp-elements-e72815b76b6f65cc239f4dd0d1fef573\"><span aria-hidden=\"true\" class=\"wp-block-cover__background has-nv-light-bg-background-color has-background-dim-100 has-background-dim\"><\/span><div class=\"wp-block-cover__inner-container is-layout-constrained wp-block-cover-is-layout-constrained\">\n<div class=\"wp-block-columns has-nv-light-bg-background-color has-background is-layout-flex wp-container-core-columns-is-layout-9d6595d7 wp-block-columns-is-layout-flex\">\n<div class=\"wp-block-column is-layout-flow wp-block-column-is-layout-flow\" style=\"flex-basis:66.66%\">\n<h2 class=\"wp-block-heading\">Was macht man in der Saftbar Mentorix?<\/h2>\n\n\n\n<p>Man lernt viele wichtige Dinge in der Saftbar. <br\/>Man lernt Rezepte zu lesen und nachzukochen. <br\/>Man \u00fcbt, Zutaten richtig abzuwiegen und abzumessen. <br\/>Man lernt auch, wie man Hygiene\u00b7regeln einh\u00e4lt. <br\/>Das ist wichtig f\u00fcr die Arbeit in Restaurants und Bars. <br\/>Man \u00fcbt au\u00dferdem Aufgaben aus dem Handel. <br\/>Man lernt zum Beispiel, Waren anzunehmen. <br\/>Man lernt auch, wie man mit Kunden und Kundinnen spricht. <br\/>Man \u00fcbt Rechnungen zu schreiben und zu verwalten.    <\/p>\n\n\n\n<h2 class=\"wp-block-heading\">Ich werde auf einen Job im Einzelhandel oder in Restaurants oder Bars vorbereitet?<\/h2>\n\n\n\n<p>Die Saftbar bereitet auf Berufe im Einzelhandel und in Restaurants und Bars vor. <br\/>Die Teilnehmer und Teilnehmerinnen lernen wichtige Dinge f\u00fcr die Arbeit.<br\/>Sie lernen, selbstst\u00e4ndig und verantwortungsvoll zu arbeiten. <br\/>Sie \u00fcben, auch in stressigen Situationen ruhig zu bleiben. <br\/>Sie lernen, freundlich und aufmerksam mit Kunden und Kundinnen umzugehen. <br\/>Diese F\u00e4higkeiten sind in vielen Berufen wichtig.   <\/p>\n<\/div>\n\n\n\n<div class=\"wp-block-column is-layout-flow wp-block-column-is-layout-flow\" style=\"flex-basis:33.33%\">\n<figure class=\"wp-block-image size-full\"><img loading=\"lazy\" decoding=\"async\" width=\"2362\" height=\"2362\" src=\"https:\/\/www.humanisierte.at\/wp-content\/uploads\/2025\/07\/Mentorix-Produkte.jpg\" alt=\"Saftbar Mentorix Produkte\" class=\"wp-image-2190\" srcset=\"https:\/\/www.humanisierte.at\/wp-content\/uploads\/2025\/07\/Mentorix-Produkte.jpg 2362w, https:\/\/www.humanisierte.at\/wp-content\/uploads\/2025\/07\/Mentorix-Produkte-300x300.jpg 300w, https:\/\/www.humanisierte.at\/wp-content\/uploads\/2025\/07\/Mentorix-Produkte-1024x1024.jpg 1024w, https:\/\/www.humanisierte.at\/wp-content\/uploads\/2025\/07\/Mentorix-Produkte-150x150.jpg 150w, https:\/\/www.humanisierte.at\/wp-content\/uploads\/2025\/07\/Mentorix-Produkte-768x768.jpg 768w, https:\/\/www.humanisierte.at\/wp-content\/uploads\/2025\/07\/Mentorix-Produkte-1536x1536.jpg 1536w, https:\/\/www.humanisierte.at\/wp-content\/uploads\/2025\/07\/Mentorix-Produkte-2048x2048.jpg 2048w\" sizes=\"auto, (max-width: 2362px) 100vw, 2362px\" \/><\/figure>\n<\/div>\n<\/div>\n<\/div><\/div>\n","protected":false},"excerpt":{"rendered":"<p>Mach eine kurze Pause \u2013 Willkommen in der Saftbar Es gibt frische und gute Speisen und Getr\u00e4nke in der Saftbar.Die Preise sind fair. Sorgf\u00e4ltig zubereitet von unseren Teilnehmerinnen und Teilnehmern. Unser Angebot ist gut f\u00fcr eine Pause oder wenn man unterwegs ist. Wir bieten gesunde kleine Speisen aus guten Zutaten. Alles ist frisch, selbstgemacht und&hellip;&nbsp;<\/p>\n","protected":false},"author":1,"featured_media":0,"parent":3067,"menu_order":5,"comment_status":"closed","ping_status":"closed","template":"","meta":{"_acf_changed":false,"neve_meta_sidebar":"","neve_meta_container":"","neve_meta_enable_content_width":"","neve_meta_content_width":0,"neve_meta_title_alignment":"","neve_meta_author_avatar":"","neve_post_elements_order":"","neve_meta_disable_header":"","neve_meta_disable_footer":"","neve_meta_disable_title":"","neve_meta_reading_time":"","slim_seo":{"title":"Saftbar - Mentorix - humanisierte arbeitsst\u00e4tte","description":"Mach eine kurze Pause \u2013 Willkommen in der Saftbar Es gibt frische und gute Speisen und Getr\u00e4nke in der Saftbar. Die Preise sind fair. Sorgf\u00e4ltig zubereitet von"},"footnotes":""},"class_list":["post-2239","page","type-page","status-publish","hentry"],"acf":[],"publishpress_future_action":{"enabled":false,"date":"2026-05-24 01:37:53","action":"change-status","newStatus":"draft","terms":[],"taxonomy":"translation_priority","extraData":[]},"publishpress_future_workflow_manual_trigger":{"enabledWorkflows":[]},"_links":{"self":[{"href":"https:\/\/www.humanisierte.at\/de-ls\/wp-json\/wp\/v2\/pages\/2239","targetHints":{"allow":["GET"]}}],"collection":[{"href":"https:\/\/www.humanisierte.at\/de-ls\/wp-json\/wp\/v2\/pages"}],"about":[{"href":"https:\/\/www.humanisierte.at\/de-ls\/wp-json\/wp\/v2\/types\/page"}],"author":[{"embeddable":true,"href":"https:\/\/www.humanisierte.at\/de-ls\/wp-json\/wp\/v2\/users\/1"}],"replies":[{"embeddable":true,"href":"https:\/\/www.humanisierte.at\/de-ls\/wp-json\/wp\/v2\/comments?post=2239"}],"version-history":[{"count":18,"href":"https:\/\/www.humanisierte.at\/de-ls\/wp-json\/wp\/v2\/pages\/2239\/revisions"}],"predecessor-version":[{"id":3103,"href":"https:\/\/www.humanisierte.at\/de-ls\/wp-json\/wp\/v2\/pages\/2239\/revisions\/3103"}],"up":[{"embeddable":true,"href":"https:\/\/www.humanisierte.at\/de-ls\/wp-json\/wp\/v2\/pages\/3067"}],"wp:attachment":[{"href":"https:\/\/www.humanisierte.at\/de-ls\/wp-json\/wp\/v2\/media?parent=2239"}],"curies":[{"name":"wp","href":"https:\/\/api.w.org\/{rel}","templated":true}]}}