{"id":2213,"date":"2025-06-23T11:37:23","date_gmt":"2025-06-23T09:37:23","guid":{"rendered":"https:\/\/www.humanisierte.at\/galerie-unik-at\/"},"modified":"2025-07-22T12:17:16","modified_gmt":"2025-07-22T10:17:16","slug":"galerie-unik-at","status":"publish","type":"page","link":"https:\/\/www.humanisierte.at\/de-ls\/verein\/galerie-unik-at\/","title":{"rendered":"Galerie &#8211; unik.at"},"content":{"rendered":"\n<div class=\"wp-block-columns is-layout-flex wp-container-core-columns-is-layout-9d6595d7 wp-block-columns-is-layout-flex\">\n<div class=\"wp-block-column is-layout-flow wp-block-column-is-layout-flow\" style=\"flex-basis:33.33%\">\n<figure class=\"wp-block-image size-full is-resized\"><img loading=\"lazy\" decoding=\"async\" width=\"827\" height=\"756\" src=\"https:\/\/www.humanisierte.at\/wp-content\/uploads\/2025\/07\/unikat_galerie_Mittel.jpg\" alt=\"Logo von der galerie unik.at\" class=\"wp-image-2536\" style=\"width:250px\" srcset=\"https:\/\/www.humanisierte.at\/wp-content\/uploads\/2025\/07\/unikat_galerie_Mittel.jpg 827w, https:\/\/www.humanisierte.at\/wp-content\/uploads\/2025\/07\/unikat_galerie_Mittel-300x274.jpg 300w, https:\/\/www.humanisierte.at\/wp-content\/uploads\/2025\/07\/unikat_galerie_Mittel-768x702.jpg 768w\" sizes=\"auto, (max-width: 827px) 100vw, 827px\" \/><\/figure>\n\n\n\n<blockquote class=\"wp-block-quote is-layout-flow wp-block-quote-is-layout-flow\">\n<p><strong>Kunst macht das Leben bunter<\/strong><\/p>\n<\/blockquote>\n\n\n\n<p>Die Galerie unik.at verkauft Kunstwerke von sozialen Werkst\u00e4tten.<br\/>Es gibt auch Produkte von anderem K\u00fcnstler und K\u00fcnstlerinnen.<br\/>Wir sorgen daf\u00fcr, dass die Verkaufs\u00b7r\u00e4ume und die Auslagen sch\u00f6n aussehen.<br\/>Wir f\u00fchren Verkaufs\u00b7gespr\u00e4che, nehmen Geld an und machen die Kasse.<br\/>Wir haben Lehrlinge in der Galerie unik.at  <\/p>\n\n\n\n<p>Galerie unik.at, Josefst\u00e4dterstra\u00dfe 40, 1080 Wien<\/p>\n\n\n\n<p><strong>\u00d6ffnungszeiten: <\/strong>Mo \u2013 Fr 10:00-18:00<\/p>\n\n\n\n<div class=\"wp-block-buttons is-layout-flex wp-block-buttons-is-layout-flex\">\n<div class=\"wp-block-button\"><a class=\"wp-block-button__link wp-element-button\" href=\"https:\/\/www.facebook.com\/projektunik.at\/\" target=\"_blank\" rel=\"noreferrer noopener\">Galerie &#8211; unik.at auf Facebook<\/a><\/div>\n<\/div>\n<\/div>\n\n\n\n<div class=\"wp-block-column is-layout-flow wp-block-column-is-layout-flow\" style=\"flex-basis:66.67%\"><div class=\"team-wrapper\">            <div class=\"team-member\">\n                                <ul class=\"team-gallery\" role=\"region\" aria-label=\"Bildergalerie von Mag. a Susanne Feigl\">\n                                                <li class=\"team-member-image\">\n                              <img decoding=\"async\"\n                                  src=\"https:\/\/www.humanisierte.at\/wp-content\/uploads\/2025\/06\/IMG_1533-1-350x350-1-300x300.jpg\"\n                                  alt=\"Img 1533 1 350x350\"\n                                                                        aria-label=\"IMG_1533-1-350x350\"\n                                                                >\n                          <\/li>\n                                                <li class=\"team-member-image\">\n                              <img decoding=\"async\"\n                                  src=\"https:\/\/www.humanisierte.at\/wp-content\/uploads\/2025\/06\/IMG_1529-1-350x350-1-300x300.jpg\"\n                                  alt=\"Img 1529 1 350x350\"\n                                                                        aria-label=\"IMG_1529-1-350x350\"\n                                                                >\n                          <\/li>\n                                                <li class=\"team-member-image\">\n                              <img decoding=\"async\"\n                                  src=\"https:\/\/www.humanisierte.at\/wp-content\/uploads\/2025\/06\/IMG_1527-1-350x350-1-300x300.jpg\"\n                                  alt=\"Img 1527 1 350x350\"\n                                                                        aria-label=\"IMG_1527-1-350x350\"\n                                                                >\n                          <\/li>\n                                        <\/ul>\n                \n                                    <h3>Mag. a Susanne Feigl<\/h3>\n                \n                                    <p class=\"team-job\">Arbeitstraining Galerie unik.at<\/p>\n                \n                \n                                    <p class=\"team-projekt\">Projekt unik.at<\/p>\n                \n                                    <p class=\"team-adresse\">Josefst\u00e4dterstra\u00dfe 40, 1080 Wien<\/p>\n                \n                                    <p class=\"team-telefonnummer\">\n                        <a href=\"tel:01-4086613\">\n                            01-4086613                        <\/a>\n                    <\/p>\n                \n                \n                                    <p class=\"team-email\">\n                        <a href=\"mailto:su&#115;a&#110;&#110;&#101;&#46;&#102;&#101;&#105;gl&#64;u&#110;i&#107;&#46;&#97;t\">\n                            &#115;&#117;&#115;&#97;n&#110;&#101;&#46;&#102;e&#105;&#103;&#108;&#64;&#117;&#110;&#105;k.&#97;t                        <\/a>\n                    <\/p>\n                \n                                    <p class=\"team-link\">\n                        <a href=\"https:\/\/www.humanisierte.at\/verein\/galerie-unik-at\/\">\n                            Galerie unik.at                        <\/a>\n                    <\/p>\n                \n                \n                \n            <\/div>\n            <\/div>\n<\/div>\n<\/div>\n\n<div class=\"wp-block-cover alignfull has-neve-text-color-color has-text-color has-link-color wp-elements-b3a4061cdacea4f27f8a7438b9c57b5c\"><span aria-hidden=\"true\" class=\"wp-block-cover__background has-nv-light-bg-background-color has-background-dim-100 has-background-dim\"><\/span><div class=\"wp-block-cover__inner-container is-layout-constrained wp-block-cover-is-layout-constrained\">\n<div class=\"wp-block-columns has-nv-light-bg-background-color has-background is-layout-flex wp-container-core-columns-is-layout-9d6595d7 wp-block-columns-is-layout-flex\">\n<div class=\"wp-block-column is-layout-flow wp-block-column-is-layout-flow\" style=\"flex-basis:66.66%\">\n<h2 class=\"wp-block-heading\">Was macht man in der Saftbar Mentorix?<\/h2>\n\n\n\n<p>Man beschriftet die Waren und verpackt sie sicher.<br\/>Man lernt, wie man Waren lagert.<br\/>Man lernt, wie man Waren reinigt.<br\/>Man lernt, wie man Verkaufs\u00b7fl\u00e4chen schm\u00fcckt.<br\/>Man schreibt Rechnungen und z\u00e4hlt die Waren.    <\/p>\n\n\n\n<h2 class=\"wp-block-heading\">Wie bereitet die Galerie unik.at auf eine Arbeit vor?<\/h2>\n\n\n\n<p>Man lernt alles f\u00fcr einen Beruf im Handel <br\/>Man lernt wichtige Dinge f\u00fcr die Arbeit und pers\u00f6nliche Eigenschaften.<br\/>Man lernt den Verkauf und mit Kunden und Kundinnen umzugehen.<br\/>Man \u00fcbt zuverl\u00e4ssig zu sein.<br\/>Man lernt h\u00f6flich und klar zu sprechen.<br\/>Man lernt mit Kritik umzugehen.  <\/p>\n<\/div>\n\n\n\n<div class=\"wp-block-column is-layout-flow wp-block-column-is-layout-flow\" style=\"flex-basis:33.33%\">\n<figure class=\"wp-block-image size-full\"><img loading=\"lazy\" decoding=\"async\" width=\"1600\" height=\"800\" src=\"https:\/\/www.humanisierte.at\/wp-content\/uploads\/2025\/07\/003_Bild_02_.jpg\" alt=\"Ausblick aus der Galerie unik.at\" class=\"wp-image-2031\" srcset=\"https:\/\/www.humanisierte.at\/wp-content\/uploads\/2025\/07\/003_Bild_02_.jpg 1600w, https:\/\/www.humanisierte.at\/wp-content\/uploads\/2025\/07\/003_Bild_02_-300x150.jpg 300w, https:\/\/www.humanisierte.at\/wp-content\/uploads\/2025\/07\/003_Bild_02_-1024x512.jpg 1024w, https:\/\/www.humanisierte.at\/wp-content\/uploads\/2025\/07\/003_Bild_02_-768x384.jpg 768w, https:\/\/www.humanisierte.at\/wp-content\/uploads\/2025\/07\/003_Bild_02_-1536x768.jpg 1536w\" sizes=\"auto, (max-width: 1600px) 100vw, 1600px\" \/><\/figure>\n<\/div>\n<\/div>\n<\/div><\/div>\n\n<div class=\"wp-block-columns is-layout-flex wp-container-core-columns-is-layout-9d6595d7 wp-block-columns-is-layout-flex\">\n<div class=\"wp-block-column is-layout-flow wp-block-column-is-layout-flow\" style=\"flex-basis:66.66%\">\n<h2 class=\"wp-block-heading\">Gibt es noch mehr?<\/h2>\n\n\n\n<p>Die Galerie unik.at ist ein besonderer Ort f\u00fcr Kunstliebhaber und Kunstliebhaberinnen. <\/p>\n\n\n\n<p><\/p>\n<\/div>\n\n\n\n<div class=\"wp-block-column is-layout-flow wp-block-column-is-layout-flow\" style=\"flex-basis:33.33%\">\n<figure class=\"wp-block-image size-full\"><img loading=\"lazy\" decoding=\"async\" width=\"715\" height=\"300\" src=\"https:\/\/www.humanisierte.at\/wp-content\/uploads\/2025\/07\/unikat_home.jpg\" alt=\"Galerie unik.at\" class=\"wp-image-2192\" srcset=\"https:\/\/www.humanisierte.at\/wp-content\/uploads\/2025\/07\/unikat_home.jpg 715w, https:\/\/www.humanisierte.at\/wp-content\/uploads\/2025\/07\/unikat_home-300x126.jpg 300w\" sizes=\"auto, (max-width: 715px) 100vw, 715px\" \/><\/figure>\n<\/div>\n<\/div>\n\n<p><\/p>\n","protected":false},"excerpt":{"rendered":"<p>Kunst macht das Leben bunter Die Galerie unik.at verkauft Kunstwerke von sozialen Werkst\u00e4tten.Es gibt auch Produkte von anderem K\u00fcnstler und K\u00fcnstlerinnen.Wir sorgen daf\u00fcr, dass die Verkaufs\u00b7r\u00e4ume und die Auslagen sch\u00f6n aussehen.Wir f\u00fchren Verkaufs\u00b7gespr\u00e4che, nehmen Geld an und machen die Kasse.Wir haben Lehrlinge in der Galerie unik.at Galerie unik.at, Josefst\u00e4dterstra\u00dfe 40, 1080 Wien \u00d6ffnungszeiten: Mo \u2013&hellip;&nbsp;<\/p>\n","protected":false},"author":1,"featured_media":0,"parent":3067,"menu_order":4,"comment_status":"closed","ping_status":"closed","template":"","meta":{"_acf_changed":false,"neve_meta_sidebar":"","neve_meta_container":"","neve_meta_enable_content_width":"","neve_meta_content_width":0,"neve_meta_title_alignment":"","neve_meta_author_avatar":"","neve_post_elements_order":"","neve_meta_disable_header":"","neve_meta_disable_footer":"","neve_meta_disable_title":"","neve_meta_reading_time":"","slim_seo":{"title":"Feigl Susanne - humanisierte arbeitsst\u00e4tte","description":""},"footnotes":""},"class_list":["post-2213","page","type-page","status-publish","hentry"],"acf":[],"publishpress_future_action":{"enabled":false,"date":"2026-05-24 01:04:01","action":"change-status","newStatus":"draft","terms":[],"taxonomy":"translation_priority","extraData":[]},"publishpress_future_workflow_manual_trigger":{"enabledWorkflows":[]},"_links":{"self":[{"href":"https:\/\/www.humanisierte.at\/de-ls\/wp-json\/wp\/v2\/pages\/2213","targetHints":{"allow":["GET"]}}],"collection":[{"href":"https:\/\/www.humanisierte.at\/de-ls\/wp-json\/wp\/v2\/pages"}],"about":[{"href":"https:\/\/www.humanisierte.at\/de-ls\/wp-json\/wp\/v2\/types\/page"}],"author":[{"embeddable":true,"href":"https:\/\/www.humanisierte.at\/de-ls\/wp-json\/wp\/v2\/users\/1"}],"replies":[{"embeddable":true,"href":"https:\/\/www.humanisierte.at\/de-ls\/wp-json\/wp\/v2\/comments?post=2213"}],"version-history":[{"count":5,"href":"https:\/\/www.humanisierte.at\/de-ls\/wp-json\/wp\/v2\/pages\/2213\/revisions"}],"predecessor-version":[{"id":2866,"href":"https:\/\/www.humanisierte.at\/de-ls\/wp-json\/wp\/v2\/pages\/2213\/revisions\/2866"}],"up":[{"embeddable":true,"href":"https:\/\/www.humanisierte.at\/de-ls\/wp-json\/wp\/v2\/pages\/3067"}],"wp:attachment":[{"href":"https:\/\/www.humanisierte.at\/de-ls\/wp-json\/wp\/v2\/media?parent=2213"}],"curies":[{"name":"wp","href":"https:\/\/api.w.org\/{rel}","templated":true}]}}