{"id":2159,"date":"2025-06-23T11:36:35","date_gmt":"2025-06-23T09:36:35","guid":{"rendered":"https:\/\/www.humanisierte.at\/holz\/"},"modified":"2025-07-24T10:10:18","modified_gmt":"2025-07-24T08:10:18","slug":"holz","status":"publish","type":"page","link":"https:\/\/www.humanisierte.at\/de-ls\/berufsintegration\/arbeitstraining\/holz\/","title":{"rendered":"Holz"},"content":{"rendered":"\n<div class=\"wp-block-columns is-layout-flex wp-container-core-columns-is-layout-9d6595d7 wp-block-columns-is-layout-flex\">\n<div class=\"wp-block-column is-layout-flow wp-block-column-is-layout-flow\" style=\"flex-basis:66.66%\">\n<blockquote class=\"wp-block-quote is-layout-flow wp-block-quote-is-layout-flow\">\n<p><strong>Aus dem richtigen Holz geschnitzt.<\/strong><\/p>\n<\/blockquote>\n\n\n\n<p>Teilnehmer und Teilnehmerinnen arbeiten mit Holz in der Holz\u00b7werkstatt. <br\/>Man lernt mit Holz sch\u00f6ne Dinge zu bauen. <br\/>Ausgebildete Tischler arbeiten in der Holz\u00b7werkstatt.<br\/>Sie helfen den Teilnehmer und Teilnehmerinnen, gute Produkte aus Holz herzustellen. <\/p>\n\n\n\n<figure class=\"wp-block-gallery has-nested-images columns-default is-cropped wp-block-gallery-1 is-layout-flex wp-block-gallery-is-layout-flex\">\n<figure class=\"wp-block-image size-full\"><img loading=\"lazy\" decoding=\"async\" width=\"800\" height=\"800\" data-id=\"2037\" src=\"https:\/\/www.humanisierte.at\/wp-content\/uploads\/2025\/07\/007_Baum-Schl__252_sselanh__228_nger_01.jpg\" alt=\"Baum als Schl&#xFC;sselanh&#xE4;nger\" class=\"wp-image-2037\" srcset=\"https:\/\/www.humanisierte.at\/wp-content\/uploads\/2025\/07\/007_Baum-Schl__252_sselanh__228_nger_01.jpg 800w, https:\/\/www.humanisierte.at\/wp-content\/uploads\/2025\/07\/007_Baum-Schl__252_sselanh__228_nger_01-300x300.jpg 300w, https:\/\/www.humanisierte.at\/wp-content\/uploads\/2025\/07\/007_Baum-Schl__252_sselanh__228_nger_01-150x150.jpg 150w, https:\/\/www.humanisierte.at\/wp-content\/uploads\/2025\/07\/007_Baum-Schl__252_sselanh__228_nger_01-768x768.jpg 768w\" sizes=\"auto, (max-width: 800px) 100vw, 800px\" \/><\/figure>\n\n\n\n<figure class=\"wp-block-image size-full\"><img loading=\"lazy\" decoding=\"async\" width=\"350\" height=\"350\" data-id=\"1263\" src=\"https:\/\/www.humanisierte.at\/wp-content\/uploads\/2025\/06\/IMG_9849-350x350-1.jpg\" alt=\"Kochl&#xF6;ffel\" class=\"wp-image-1263\" srcset=\"https:\/\/www.humanisierte.at\/wp-content\/uploads\/2025\/06\/IMG_9849-350x350-1.jpg 350w, https:\/\/www.humanisierte.at\/wp-content\/uploads\/2025\/06\/IMG_9849-350x350-1-300x300.jpg 300w, https:\/\/www.humanisierte.at\/wp-content\/uploads\/2025\/06\/IMG_9849-350x350-1-150x150.jpg 150w\" sizes=\"auto, (max-width: 350px) 100vw, 350px\" \/><\/figure>\n\n\n\n<figure class=\"wp-block-image size-large\"><img loading=\"lazy\" decoding=\"async\" width=\"1024\" height=\"777\" data-id=\"2093\" src=\"https:\/\/www.humanisierte.at\/wp-content\/uploads\/2025\/07\/Memory_1200-1024x777.jpg\" alt=\"Memoryspiel aus Holz\" class=\"wp-image-2093\" srcset=\"https:\/\/www.humanisierte.at\/wp-content\/uploads\/2025\/07\/Memory_1200-1024x777.jpg 1024w, https:\/\/www.humanisierte.at\/wp-content\/uploads\/2025\/07\/Memory_1200-300x228.jpg 300w, https:\/\/www.humanisierte.at\/wp-content\/uploads\/2025\/07\/Memory_1200-768x583.jpg 768w, https:\/\/www.humanisierte.at\/wp-content\/uploads\/2025\/07\/Memory_1200-1536x1165.jpg 1536w, https:\/\/www.humanisierte.at\/wp-content\/uploads\/2025\/07\/Memory_1200.jpg 1582w\" sizes=\"auto, (max-width: 1024px) 100vw, 1024px\" \/><figcaption class=\"wp-element-caption\">Memoryspiel aus Holz<\/figcaption><\/figure>\n<\/figure>\n<\/div>\n\n\n\n<div class=\"wp-block-column is-layout-flow wp-block-column-is-layout-flow\" style=\"flex-basis:33.33%\"><div class=\"team-wrapper\">            <div class=\"team-member\">\n                                <ul class=\"team-gallery\" role=\"region\" aria-label=\"Bildergalerie von Lorenz Legl\">\n                                                <li class=\"team-member-image\">\n                              <img decoding=\"async\"\n                                  src=\"https:\/\/www.humanisierte.at\/wp-content\/uploads\/2025\/06\/IMG_9948-350x350-1-300x300.jpg\"\n                                  alt=\"Img 9948 350x350\"\n                                                                        aria-label=\"IMG_9948-350x350\"\n                                                                >\n                          <\/li>\n                                                <li class=\"team-member-image\">\n                              <img decoding=\"async\"\n                                  src=\"https:\/\/www.humanisierte.at\/wp-content\/uploads\/2025\/06\/IMG_9955-350x350-1-300x300.jpg\"\n                                  alt=\"Img 9955 350x350\"\n                                                                        aria-label=\"IMG_9955-350x350\"\n                                                                >\n                          <\/li>\n                                                <li class=\"team-member-image\">\n                              <img decoding=\"async\"\n                                  src=\"https:\/\/www.humanisierte.at\/wp-content\/uploads\/2025\/06\/IMG_9959-350x350-1-300x300.jpg\"\n                                  alt=\"Img 9959 350x350\"\n                                                                        aria-label=\"IMG_9959-350x350\"\n                                                                >\n                          <\/li>\n                                                <li class=\"team-member-image\">\n                              <img decoding=\"async\"\n                                  src=\"https:\/\/www.humanisierte.at\/wp-content\/uploads\/2025\/06\/IMG_9961-350x350-1-300x300.jpg\"\n                                  alt=\"Img 9961 350x350\"\n                                                                        aria-label=\"IMG_9961-350x350\"\n                                                                >\n                          <\/li>\n                                                <li class=\"team-member-image\">\n                              <img decoding=\"async\"\n                                  src=\"https:\/\/www.humanisierte.at\/wp-content\/uploads\/2025\/06\/IMG_9952-350x350-1-300x300.jpg\"\n                                  alt=\"Img 9952 350x350\"\n                                                                        aria-label=\"IMG_9952-350x350\"\n                                                                >\n                          <\/li>\n                                        <\/ul>\n                \n                                    <h3>Lorenz Legl<\/h3>\n                \n                                    <p class=\"team-job\">Fachbereichsleitung Holz unik.at<\/p>\n                \n                \n                                    <p class=\"team-projekt\">Projekt Kreativwerkstatt im 8en<\/p>\n                \n                                    <p class=\"team-adresse\">Lange Gasse 30, 1080 Wien<\/p>\n                \n                                    <p class=\"team-telefonnummer\">\n                        <a href=\"tel:+43-677 633 766 47\">\n                            +43-677 633 766 47                        <\/a>\n                    <\/p>\n                \n                \n                                    <p class=\"team-email\">\n                        <a href=\"mailto:l&#111;r&#101;n&#122;.&#108;egl&#64;h&#117;&#109;&#97;ni&#115;&#105;e&#114;te&#46;&#97;t\">\n                            &#108;&#111;&#114;enz.&#108;e&#103;l&#64;&#104;u&#109;an&#105;&#115;ie&#114;te.&#97;&#116;                        <\/a>\n                    <\/p>\n                \n                                    <p class=\"team-link\">\n                        <a href=\"https:\/\/www.humanisierte.at\/tagesstruktur\/kreativwerkstatt-im-8en\/\">\n                            Kreativwerkstatt im 8en                        <\/a>\n                    <\/p>\n                \n                \n                \n            <\/div>\n            <\/div>\n<\/div>\n<\/div>\n\n<div class=\"wp-block-cover alignfull has-neve-text-color-color has-text-color has-link-color wp-elements-6d9e1a99366585f980b6e8a280758fde\"><span aria-hidden=\"true\" class=\"wp-block-cover__background has-nv-light-bg-background-color has-background-dim-100 has-background-dim\"><\/span><div class=\"wp-block-cover__inner-container is-layout-constrained wp-block-cover-is-layout-constrained\">\n<div class=\"wp-block-columns has-nv-light-bg-background-color has-background is-layout-flex wp-container-core-columns-is-layout-9d6595d7 wp-block-columns-is-layout-flex\">\n<div class=\"wp-block-column is-layout-flow wp-block-column-is-layout-flow\" style=\"flex-basis:66.66%\">\n<h2 class=\"wp-block-heading\">Was macht man in der Holz\u00b7werkstatt?<\/h2>\n\n\n\n<p>Die Teilnehmer und Teilnehmerinnen \u00fcben verschiedene handwerkliche Arbeiten. <br\/>Sie arbeiten mit Maschinen und Werkzeugen. <br\/>Sie s\u00e4gen, fr\u00e4sen, hobeln, schleifen und \u00f6len.<br\/>Gut gemachte Produkte entstehen in der Holz\u00b7werkstatt.<br\/>Zum Beispiel: Schneide\u00b7bretter, das Spiel \u201eAlle meine B\u00e4ume\u201c oder Schl\u00fcssel\u00b7anh\u00e4nger.<br\/>Man kann die Produkte in der Galerie unik.at kaufen.<br\/>Man kann die Produkte auch bei Partner und Partnerinnen und auf M\u00e4rkten kaufen.   <\/p>\n\n\n\n<h2 class=\"wp-block-heading\">Ich will aber einen Job<\/h2>\n\n\n\n<p>Die Teilnehmer und Teilnehmerinnen lernen viele wichtige Dinge f\u00fcr den Beruf in der Holz\u00b7werkstatt. <br\/>Sie lernen sicher mit Werkzeugen und Maschinen umzugehen.<br\/>Sie lernen genau und aufmerksam zu arbeiten.<br\/>Sie lernen Verantwortung zu \u00fcbernehmen.<br\/>Die Werkstatt unterst\u00fctzt auch die Feinmotorik. <br\/>Diese Dinge helfen sp\u00e4ter in technischen und handwerklichen Berufen.   <\/p>\n<\/div>\n\n\n\n<div class=\"wp-block-column is-layout-flow wp-block-column-is-layout-flow\" style=\"flex-basis:33.33%\">\n<figure class=\"wp-block-image size-full\"><img loading=\"lazy\" decoding=\"async\" width=\"800\" height=\"800\" src=\"https:\/\/www.humanisierte.at\/wp-content\/uploads\/2025\/07\/8529.jpg\" alt=\"Holzbretter\" class=\"wp-image-2156\" srcset=\"https:\/\/www.humanisierte.at\/wp-content\/uploads\/2025\/07\/8529.jpg 800w, https:\/\/www.humanisierte.at\/wp-content\/uploads\/2025\/07\/8529-300x300.jpg 300w, https:\/\/www.humanisierte.at\/wp-content\/uploads\/2025\/07\/8529-150x150.jpg 150w, https:\/\/www.humanisierte.at\/wp-content\/uploads\/2025\/07\/8529-768x768.jpg 768w\" sizes=\"auto, (max-width: 800px) 100vw, 800px\" \/><\/figure>\n<\/div>\n<\/div>\n<\/div><\/div>\n\n<div class=\"wp-block-columns is-layout-flex wp-container-core-columns-is-layout-9d6595d7 wp-block-columns-is-layout-flex\">\n<div class=\"wp-block-column is-layout-flow wp-block-column-is-layout-flow\" style=\"flex-basis:66.66%\">\n<h2 class=\"wp-block-heading\">Und was bringt mir das sonst?<\/h2>\n\n\n\n<p>Die Arbeit mit Holz tut oft gut. <br\/>Die Teilnehmer und Teilnehmerinnen machen alle Arbeitsschritte selbst: vom Zuschneiden bis zum fertigen Produkt.<br\/>Das st\u00e4rkt das Selbstvertrauen. <br\/>Es macht Mut, beruflich weiter zu kommen.  <\/p>\n<\/div>\n\n\n\n<div class=\"wp-block-column is-layout-flow wp-block-column-is-layout-flow\" style=\"flex-basis:33.33%\">\n<figure class=\"wp-block-image size-full\"><img loading=\"lazy\" decoding=\"async\" width=\"800\" height=\"800\" src=\"https:\/\/www.humanisierte.at\/wp-content\/uploads\/2025\/07\/8462.jpg\" alt=\"K&#xDC;chenhelfer aus Holz\" class=\"wp-image-2152\" srcset=\"https:\/\/www.humanisierte.at\/wp-content\/uploads\/2025\/07\/8462.jpg 800w, https:\/\/www.humanisierte.at\/wp-content\/uploads\/2025\/07\/8462-300x300.jpg 300w, https:\/\/www.humanisierte.at\/wp-content\/uploads\/2025\/07\/8462-150x150.jpg 150w, https:\/\/www.humanisierte.at\/wp-content\/uploads\/2025\/07\/8462-768x768.jpg 768w\" sizes=\"auto, (max-width: 800px) 100vw, 800px\" \/><\/figure>\n<\/div>\n<\/div>\n","protected":false},"excerpt":{"rendered":"<p>Aus dem richtigen Holz geschnitzt. Teilnehmer und Teilnehmerinnen arbeiten mit Holz in der Holz\u00b7werkstatt. Man lernt mit Holz sch\u00f6ne Dinge zu bauen. Ausgebildete Tischler arbeiten in der Holz\u00b7werkstatt.Sie helfen den Teilnehmer und Teilnehmerinnen, gute Produkte aus Holz herzustellen. Und was bringt mir das sonst? Die Arbeit mit Holz tut oft gut. Die Teilnehmer und Teilnehmerinnen&hellip;&nbsp;<\/p>\n","protected":false},"author":1,"featured_media":2231,"parent":2254,"menu_order":1,"comment_status":"closed","ping_status":"closed","template":"","meta":{"_acf_changed":false,"neve_meta_sidebar":"","neve_meta_container":"","neve_meta_enable_content_width":"","neve_meta_content_width":0,"neve_meta_title_alignment":"","neve_meta_author_avatar":"","neve_post_elements_order":"","neve_meta_disable_header":"","neve_meta_disable_footer":"","neve_meta_disable_title":"","neve_meta_reading_time":"","slim_seo":{"title":"Lorenz Legl - humanisierte arbeitsst\u00e4tte","description":""},"footnotes":""},"class_list":["post-2159","page","type-page","status-publish","has-post-thumbnail","hentry"],"acf":[],"publishpress_future_action":{"enabled":false,"date":"2026-05-24 01:33:56","action":"change-status","newStatus":"draft","terms":[],"taxonomy":"translation_priority","extraData":[]},"publishpress_future_workflow_manual_trigger":{"enabledWorkflows":[]},"_links":{"self":[{"href":"https:\/\/www.humanisierte.at\/de-ls\/wp-json\/wp\/v2\/pages\/2159","targetHints":{"allow":["GET"]}}],"collection":[{"href":"https:\/\/www.humanisierte.at\/de-ls\/wp-json\/wp\/v2\/pages"}],"about":[{"href":"https:\/\/www.humanisierte.at\/de-ls\/wp-json\/wp\/v2\/types\/page"}],"author":[{"embeddable":true,"href":"https:\/\/www.humanisierte.at\/de-ls\/wp-json\/wp\/v2\/users\/1"}],"replies":[{"embeddable":true,"href":"https:\/\/www.humanisierte.at\/de-ls\/wp-json\/wp\/v2\/comments?post=2159"}],"version-history":[{"count":4,"href":"https:\/\/www.humanisierte.at\/de-ls\/wp-json\/wp\/v2\/pages\/2159\/revisions"}],"predecessor-version":[{"id":3131,"href":"https:\/\/www.humanisierte.at\/de-ls\/wp-json\/wp\/v2\/pages\/2159\/revisions\/3131"}],"up":[{"embeddable":true,"href":"https:\/\/www.humanisierte.at\/de-ls\/wp-json\/wp\/v2\/pages\/2254"}],"wp:featuredmedia":[{"embeddable":true,"href":"https:\/\/www.humanisierte.at\/de-ls\/wp-json\/wp\/v2\/media\/2231"}],"wp:attachment":[{"href":"https:\/\/www.humanisierte.at\/de-ls\/wp-json\/wp\/v2\/media?parent=2159"}],"curies":[{"name":"wp","href":"https:\/\/api.w.org\/{rel}","templated":true}]}}