{"id":1565,"date":"2025-06-16T11:40:18","date_gmt":"2025-06-16T09:40:18","guid":{"rendered":"https:\/\/www.humanisierte.at\/berufsintegration\/"},"modified":"2025-07-24T10:09:44","modified_gmt":"2025-07-24T08:09:44","slug":"berufsintegration","status":"publish","type":"page","link":"https:\/\/www.humanisierte.at\/de-ls\/berufsintegration\/","title":{"rendered":"Berufsintegration"},"content":{"rendered":"\n<div class=\"wp-block-columns is-layout-flex wp-container-core-columns-is-layout-9d6595d7 wp-block-columns-is-layout-flex\">\n<div class=\"wp-block-column is-layout-flow wp-block-column-is-layout-flow\" style=\"flex-basis:33.33%\"><div class=\"wp-block-image\">\n<figure class=\"alignright size-full is-resized\"><img decoding=\"async\" src=\"https:\/\/www.humanisierte.at\/wp-content\/uploads\/2025\/06\/logo-bip.svg\" alt=\"Logo Berufsintegration individuell &amp;amp; professionell\" class=\"wp-image-1923\" style=\"width:200px\"\/><\/figure>\n<\/div><\/div>\n\n\n\n<div class=\"wp-block-column is-layout-flow wp-block-column-is-layout-flow\" style=\"flex-basis:66.67%\">\n<h2 class=\"wp-block-heading\">Berufliche Integration im BIP unik.at und Mentorix <\/h2>\n\n\n\n<p>Im BIP (Berufsintegration, individuell &amp; professionell) werden Menschen mit 50 % K\u00f6rper- oder kognitiver Behinderung oder chronischer Erkrankung auf den 1. Arbeitsmarkt vorbereitet und in passende Jobs oder Ausbildungen vermittelt.<\/p>\n\n\n\n<h2 class=\"wp-block-heading\">Dieses Ziel erreichen wir <\/h2>\n\n\n\n<p>durch <a href=\"https:\/\/www.humanisierte.at\/de-ls\/berufsintegration\/berufs%c2%b7integrations%c2%b7coaching\/\" title=\"Berufs&#xB7;integrations&#xB7;coaching\">kompetente p\u00e4dagogische Betreuung und Beratung<\/a> sowie durch professionelle Qualifizierung unter realen Bedingungen in unseren <a href=\"https:\/\/www.humanisierte.at\/de-ls\/berufsintegration\/arbeitstraining\/\" title=\"Arbeitstrainingsbereichen\">Arbeitstrainingsbereichen<\/a>.<\/p>\n\n\n\n<p>Diese sind:<\/p>\n\n\n\n<ul class=\"wp-block-list\">\n<li>K\u00fcche, Cafeteria, Reinigung<\/li>\n\n\n\n<li>Lager<\/li>\n\n\n\n<li>Holzwerkstatt<\/li>\n\n\n\n<li>Keramik<\/li>\n\n\n\n<li>EDV<\/li>\n\n\n\n<li>Einzelhandel in der Mentorix-Saftbar oder in der Galerie unik.at<\/li>\n<\/ul>\n<\/div>\n<\/div>\n\n<div class=\"wp-block-cover alignfull has-neve-text-color-color has-text-color has-link-color wp-elements-06ed7b8760c9bd3a7ea494bae5963b46\" style=\"min-height:50px;aspect-ratio:unset;\"><span aria-hidden=\"true\" class=\"wp-block-cover__background has-nv-light-bg-background-color has-background-dim-100 has-background-dim\"><\/span><div class=\"wp-block-cover__inner-container is-layout-constrained wp-block-cover-is-layout-constrained\">\n<div class=\"wp-block-columns is-layout-flex wp-container-core-columns-is-layout-9d6595d7 wp-block-columns-is-layout-flex\">\n<div class=\"wp-block-column is-layout-flow wp-block-column-is-layout-flow\" style=\"flex-basis:33.33%\"><div class=\"wp-block-image\">\n<figure class=\"alignright size-full is-resized\"><img loading=\"lazy\" decoding=\"async\" width=\"452\" height=\"640\" src=\"https:\/\/www.humanisierte.at\/wp-content\/uploads\/2025\/07\/Jobrakete.jpg\" alt=\"Jobrakete\" class=\"wp-image-2491\" style=\"width:200px\" srcset=\"https:\/\/www.humanisierte.at\/wp-content\/uploads\/2025\/07\/Jobrakete.jpg 452w, https:\/\/www.humanisierte.at\/wp-content\/uploads\/2025\/07\/Jobrakete-212x300.jpg 212w\" sizes=\"auto, (max-width: 452px) 100vw, 452px\" \/><\/figure>\n<\/div><\/div>\n\n\n\n<div class=\"wp-block-column is-layout-flow wp-block-column-is-layout-flow\" style=\"flex-basis:66.67%\">\n<p>Wir bilden auch <a href=\"https:\/\/www.humanisierte.at\/de-ls\/lehre\/\" title=\"Lehre\">Lehrlinge<\/a> mit 50% Behinderung in den Bereichen Einzelhandel und B\u00fcro aus. <\/p>\n\n\n\n<p>F\u00fcr Unternehmen bieten wir eine qualifizierte Auswahl an motivierten und arbeitsf\u00e4higen Mitarbeiter*innen mit Behinderung, organisieren unentgeltliche Betriebspraktika und beraten bez\u00fcglich F\u00f6rderungen. Wenden Sie sich an unser <a href=\"https:\/\/www.humanisierte.at\/de-ls\/berufsintegration\/recruiting\/\" title=\"Recruiting\">Recruitingteam.<\/a> <\/p>\n\n\n\n<p>Das BIP ist gef\u00f6rdert durch das Sozialministeriumservice.<\/p>\n\n\n\n<p>Die Zuweisung zu unserer vierzehnt\u00e4gigen Infoveranstaltung erfolgt durch das AMS.<\/p>\n<\/div>\n<\/div>\n<\/div><\/div>\n\n<div class=\"wp-block-columns is-layout-flex wp-container-core-columns-is-layout-9d6595d7 wp-block-columns-is-layout-flex\">\n<div class=\"wp-block-column is-layout-flow wp-block-column-is-layout-flow\">\n<h2 class=\"wp-block-heading has-text-align-left\">Ihr Weg zu Job <\/h2>\n\n\n\n<p class=\"has-text-align-left\">Melden Sie sich zu unserer<a href=\"https:\/\/www.humanisierte.at\/de-ls\/berufsintegration\/infoveranstaltungen\/\" title=\"Infoveranstaltungen\"> Infoveranstaltung<\/a> an und wir begleiten Sie zu ihrem neuen Job.<\/p>\n<\/div>\n\n\n\n<div class=\"wp-block-column is-layout-flow wp-block-column-is-layout-flow\">\n<h3 class=\"wp-block-heading has-text-align-left\">Sie suchen f\u00fcr ihr Unternehmen geeignete Mitarbeiter und Mitarbeiterinnen?<\/h3>\n\n\n\n<p class=\"has-text-align-left\">Wir freuen uns \u00fcber Ihre<a href=\"https:\/\/www.humanisierte.at\/de-ls\/berufsintegration\/recruiting\/\" title=\"Recruiting\"> Kontaktaufnahme.<\/a><\/p>\n<\/div>\n<\/div>\n","protected":false},"excerpt":{"rendered":"<p>Berufliche Integration im BIP unik.at und Mentorix Im BIP (Berufsintegration, individuell &amp; professionell) werden Menschen mit 50 % K\u00f6rper- oder kognitiver Behinderung oder chronischer Erkrankung auf den 1. Arbeitsmarkt vorbereitet und in passende Jobs oder Ausbildungen vermittelt. Dieses Ziel erreichen wir durch kompetente p\u00e4dagogische Betreuung und Beratung sowie durch professionelle Qualifizierung unter realen Bedingungen in&hellip;&nbsp;<\/p>\n","protected":false},"author":1,"featured_media":0,"parent":0,"menu_order":3,"comment_status":"closed","ping_status":"closed","template":"","meta":{"_acf_changed":false,"neve_meta_sidebar":"","neve_meta_container":"","neve_meta_enable_content_width":"","neve_meta_content_width":0,"neve_meta_title_alignment":"","neve_meta_author_avatar":"","neve_post_elements_order":"","neve_meta_disable_header":"","neve_meta_disable_footer":"","neve_meta_disable_title":"","neve_meta_reading_time":"","slim_seo":{"title":"Berufsintegration - humanisierte arbeitsst\u00e4tte","description":"Berufliche Integration im BIP unik.at und Mentorix Im BIP (Berufsintegration, individuell &amp; professionell) werden Menschen mit 50 % K\u00f6rper- oder kognitiver"},"footnotes":""},"class_list":["post-1565","page","type-page","status-publish","hentry"],"acf":[],"publishpress_future_action":{"enabled":false,"date":"2026-05-24 01:34:57","action":"change-status","newStatus":"draft","terms":[],"taxonomy":"translation_priority","extraData":[]},"publishpress_future_workflow_manual_trigger":{"enabledWorkflows":[]},"_links":{"self":[{"href":"https:\/\/www.humanisierte.at\/de-ls\/wp-json\/wp\/v2\/pages\/1565","targetHints":{"allow":["GET"]}}],"collection":[{"href":"https:\/\/www.humanisierte.at\/de-ls\/wp-json\/wp\/v2\/pages"}],"about":[{"href":"https:\/\/www.humanisierte.at\/de-ls\/wp-json\/wp\/v2\/types\/page"}],"author":[{"embeddable":true,"href":"https:\/\/www.humanisierte.at\/de-ls\/wp-json\/wp\/v2\/users\/1"}],"replies":[{"embeddable":true,"href":"https:\/\/www.humanisierte.at\/de-ls\/wp-json\/wp\/v2\/comments?post=1565"}],"version-history":[{"count":2,"href":"https:\/\/www.humanisierte.at\/de-ls\/wp-json\/wp\/v2\/pages\/1565\/revisions"}],"predecessor-version":[{"id":3129,"href":"https:\/\/www.humanisierte.at\/de-ls\/wp-json\/wp\/v2\/pages\/1565\/revisions\/3129"}],"wp:attachment":[{"href":"https:\/\/www.humanisierte.at\/de-ls\/wp-json\/wp\/v2\/media?parent=1565"}],"curies":[{"name":"wp","href":"https:\/\/api.w.org\/{rel}","templated":true}]}}